{"id":67,"date":"2016-12-17T15:45:52","date_gmt":"2016-12-17T15:45:52","guid":{"rendered":"http:\/\/esquare.ro\/site\/?page_id=67"},"modified":"2025-11-12T15:50:13","modified_gmt":"2025-11-12T15:50:13","slug":"servicii-it","status":"publish","type":"page","link":"https:\/\/esquare.ro\/site\/servicii-it\/","title":{"rendered":"Servicii IT"},"content":{"rendered":"<p>[et_pb_section fb_built=&#8221;1&#8243; admin_label=&#8221;section&#8221; _builder_version=&#8221;4.27.4&#8243; background_color=&#8221;#f0efef&#8221; background_enable_image=&#8221;off&#8221; parallax=&#8221;on&#8221; global_colors_info=&#8221;{}&#8221;][et_pb_row _builder_version=&#8221;4.27.4&#8243; _module_preset=&#8221;default&#8221; global_colors_info=&#8221;{}&#8221;][et_pb_column type=&#8221;4_4&#8243; _builder_version=&#8221;4.27.4&#8243; _module_preset=&#8221;default&#8221; global_colors_info=&#8221;{}&#8221;][et_pb_text _builder_version=&#8221;4.27.4&#8243; header_font=&#8221;|300|||||||&#8221; header_text_color=&#8221;#333333&#8243; global_colors_info=&#8221;{}&#8221;]<\/p>\n<h1>Servicii IT<\/h1>\n<p>[\/et_pb_text][\/et_pb_column][\/et_pb_row][et_pb_row column_structure=&#8221;1_3,1_3,1_3&#8243; use_custom_gutter=&#8221;on&#8221; gutter_width=&#8221;2&#8243; make_equal=&#8221;on&#8221; _builder_version=&#8221;4.27.4&#8243; _module_preset=&#8221;default&#8221; global_colors_info=&#8221;{}&#8221;][et_pb_column type=&#8221;1_3&#8243; _builder_version=&#8221;4.27.4&#8243; _module_preset=&#8221;default&#8221; global_colors_info=&#8221;{}&#8221;][et_pb_text _builder_version=&#8221;4.27.4&#8243; _module_preset=&#8221;default&#8221; text_font_size=&#8221;1.25em&#8221; text_line_height=&#8221;1.5em&#8221; hover_enabled=&#8221;0&#8243; global_colors_info=&#8221;{}&#8221; sticky_enabled=&#8221;0&#8243;]<\/p>\n<p><strong style=\"color: #0047ab;\">\u26b6<\/strong>\u00a0 <a href=\"https:\/\/esquare.ro\/site\/servicii-it\/externalizare-it\/\" title=\"Externalizare IT\">Externalizare IT<\/a><br \/><strong style=\"color: #0047ab;\">\u26b6<\/strong>\u00a0 <a href=\"https:\/\/esquare.ro\/site\/servicii-it\/suport-it-complementar\/\" title=\"Suport IT complementar\">Suport IT complementar<\/a><br \/><strong style=\"color: #0047ab;\">\u26b6<\/strong>\u00a0 <a href=\"https:\/\/esquare.ro\/site\/servicii-it\/suport-online-de-la-distanta\/\" title=\"Suport IT la distan\u021b\u0103\">Suport IT la distan\u021b\u0103<\/a><\/p>\n<p>[\/et_pb_text][\/et_pb_column][et_pb_column type=&#8221;1_3&#8243; _builder_version=&#8221;4.27.4&#8243; _module_preset=&#8221;default&#8221; global_colors_info=&#8221;{}&#8221;][et_pb_text _builder_version=&#8221;4.27.4&#8243; _module_preset=&#8221;default&#8221; text_font_size=&#8221;1.25em&#8221; text_line_height=&#8221;1.5em&#8221; hover_enabled=&#8221;0&#8243; global_colors_info=&#8221;{}&#8221; sticky_enabled=&#8221;0&#8243;]<\/p>\n<p><strong style=\"color: #0047ab;\">\u26b6<\/strong>\u00a0 <a href=\"https:\/\/esquare.ro\/site\/servicii-it\/backup-on-site-off-site-solutii-dr\/\" title=\"Backup date\">Backup date<\/a><br \/><strong style=\"color: #0047ab;\">\u26b6<\/strong>\u00a0 <a href=\"https:\/\/esquare.ro\/site\/servicii-it\/backup-on-site-off-site-solutii-dr\/\" title=\"Proceduri DR &amp; BC\">Proceduri DR &amp; BC<\/a><br \/><strong style=\"color: #0047ab;\">\u26b6<\/strong>\u00a0 <a href=\"https:\/\/esquare.ro\/site\/servicii-it\/management-si-monitorizare\/\" title=\"Management \u0219i monitorizare\">Management \u0219i monitorizare<\/a><\/p>\n<p>[\/et_pb_text][\/et_pb_column][et_pb_column type=&#8221;1_3&#8243; _builder_version=&#8221;4.27.4&#8243; _module_preset=&#8221;default&#8221; global_colors_info=&#8221;{}&#8221;][et_pb_text _builder_version=&#8221;4.27.4&#8243; _module_preset=&#8221;default&#8221; text_font_size=&#8221;1.25em&#8221; text_line_height=&#8221;1.5em&#8221; hover_enabled=&#8221;0&#8243; global_colors_info=&#8221;{}&#8221; sticky_enabled=&#8221;0&#8243;]<\/p>\n<p><strong style=\"color: #0047ab;\">\u26b6<\/strong>\u00a0 <a href=\"https:\/\/esquare.ro\/site\/executie-infrastructura-it\/\" title=\"Instalare echipamente\">Instalare echipamente<\/a><br \/><strong style=\"color: #0047ab;\">\u26b6<\/strong>\u00a0 <a href=\"https:\/\/esquare.ro\/site\/executie-infrastructura-it\/\" title=\"Cablare structurat\u0103\">Cablare structurat\u0103<\/a><br \/><strong style=\"color: #0047ab;\">\u26b6<\/strong>\u00a0 <a href=\"https:\/\/esquare.ro\/site\/servicii-it\/webdesign-si-gazduire\/\" title=\"G\u0103zduire Web \u0219i design\">G\u0103zduire Web \u0219i design<\/a><\/p>\n<p>[\/et_pb_text][\/et_pb_column][\/et_pb_row][et_pb_row column_structure=&#8221;3_4,1_4&#8243; _builder_version=&#8221;4.27.4&#8243; custom_margin=&#8221;5vh||||false|false&#8221; global_colors_info=&#8221;{}&#8221;][et_pb_column type=&#8221;3_4&#8243; _builder_version=&#8221;4.16&#8243; global_colors_info=&#8221;{}&#8221;][et_pb_text _builder_version=&#8221;4.27.4&#8243; text_orientation=&#8221;justified&#8221; global_colors_info=&#8221;{}&#8221;]<\/p>\n<p>De\u0219i infrastructura IT poate p\u0103rea asem\u0103n\u0103toare cu a altor entit\u0103\u021bi, \u0219tim din experien\u021b\u0103 ca fiecare caz e unic \u0219i model\u0103m serviciile \u0219i eforturile \u00een conformitate cu fluxul de lucru din organiza\u021bie. \u00cen\u021belegem c\u0103 este nevoie de \u00eencredere pentru a preda controlul infrastructurii sau chiar \u0219i unor p\u0103r\u021bi din aceasta, \u00eens\u0103 te asigur\u0103m c\u0103 merit\u0103m \u00eencrederea ta.<\/p>\n<p>Utiliz\u00e2nd o abordare consultativ\u0103, \u00eencepem adesea prin a pune o serie de \u00eentreb\u0103ri \u201ede ansamblu\u201d.\u00a0Cum se desf\u0103\u0219oar\u0103 activitatea \u00een prezent? Care sunt nevoile \u0219i obiectivele de afaceri? Ce tehnologii sau platforme ar putea fi luate \u00een considerare pentru o dezvoltare optim\u0103? Cum ar trebui s\u0103 fie implementate serviciile IT \u00een mod optim pentru a maximiza resursele \u0219i a facilita dezvoltarea afacerii?<\/p>\n<p>\u00cen urma r\u0103spunsurilor, se contureaz\u0103 solu\u021biile ce trebuiesc utilizate, iar acestea pot include re\u021bea, putere de procesare, stocare, backup, securitate, arhitecturi convergente, colaborare, cloud, suport pentru proiecte \u0219i altele.<\/p>\n<p>Rezultatul? Niveluri de servicii \u00eembun\u0103t\u0103\u021bite \u0219i costuri reduse &#8211; beneficii semnificative \u0219i tangibile pentru Compania ta unic\u0103.<\/p>\n<p>[\/et_pb_text][\/et_pb_column][et_pb_column type=&#8221;1_4&#8243; _builder_version=&#8221;4.16&#8243; global_colors_info=&#8221;{}&#8221;][et_pb_code _builder_version=&#8221;4.27.4&#8243; _module_preset=&#8221;default&#8221; text_orientation=&#8221;center&#8221; custom_margin=&#8221;8vh||||false|false&#8221; global_colors_info=&#8221;{}&#8221;]<svg xmlns=\"http:\/\/www.w3.org\/2000\/svg\" width=\"128\" height=\"128\" viewBox=\"0 0 32 32\"><title>window<\/title><!-- [et_pb_line_break_holder] -->  <path id=\"svg-ico\" fill=\"#0047AB\" d=\"M11.412 13.744h-5.938c-0.237 0-0.425 0.188-0.425 0.425v10.175c0 0.238 0.188 0.425 0.425 0.425h5.938c0.238 0 0.425-0.188 0.425-0.425v-10.175c0-0.238-0.188-0.425-0.425-0.425zM10.994 23.919h-5.094v-9.325h5.088v9.325z\"\/><!-- [et_pb_line_break_holder] -->  <path fill=\"#bbbbbb\" d=\"M31.719 10.194c0-0.012 0-0.025 0-0.031v-6.119c0-0.237-0.188-0.425-0.425-0.425h-30.581c-0.237 0-0.425 0.188-0.425 0.425v24.469c0 0.238 0.188 0.425 0.425 0.425h30.587c0.231 0 0.425-0.188 0.425-0.425v-18.281c-0.006-0.012-0.006-0.025-0.006-0.037zM1.131 4.469h29.744v5.269h-29.744v-5.269zM1.131 28.087v-17.5h29.744v17.506h-29.744z\"\/><!-- [et_pb_line_break_holder] -->  <path fill=\"#666666\" d=\"M5.188 5.3c-0.938 0-1.694 0.763-1.694 1.694s0.762 1.694 1.694 1.694c0.938 0 1.694-0.763 1.694-1.694 0.006-0.931-0.756-1.694-1.694-1.694zM5.188 7.844c-0.469 0-0.85-0.381-0.85-0.85s0.388-0.844 0.85-0.844c0.469 0 0.85 0.381 0.85 0.85s-0.381 0.844-0.85 0.844z\"\/><!-- [et_pb_line_break_holder] -->  <path fill=\"#666666\" d=\"M9.994 5.3c-0.938 0-1.694 0.763-1.694 1.694s0.762 1.694 1.694 1.694 1.694-0.763 1.694-1.694c0.006-0.931-0.756-1.694-1.694-1.694zM9.994 7.844c-0.469 0-0.85-0.381-0.85-0.85s0.381-0.85 0.85-0.85c0.469 0 0.85 0.381 0.85 0.85s-0.381 0.85-0.85 0.85z\"\/><!-- [et_pb_line_break_holder] -->  <path fill=\"#666666\" d=\"M14.8 5.3c-0.938 0-1.694 0.763-1.694 1.694s0.762 1.694 1.694 1.694 1.7-0.756 1.7-1.688c0-0.938-0.762-1.7-1.7-1.7zM14.8 7.844c-0.469 0-0.85-0.381-0.85-0.85s0.381-0.85 0.85-0.85c0.469 0 0.85 0.381 0.85 0.85s-0.381 0.85-0.85 0.85z\"\/><!-- [et_pb_line_break_holder] -->  <path id=\"svg-ico\" fill=\"#0047AB\" d=\"M26.181 17.2h-10.175c-0.238 0-0.425 0.188-0.425 0.425s0.188 0.425 0.425 0.425h10.175c0.238 0 0.425-0.188 0.425-0.425 0-0.231-0.194-0.425-0.425-0.425z\"\/><!-- [et_pb_line_break_holder] -->  <path id=\"svg-ico\" fill=\"#0047AB\" d=\"M26.181 20.488h-10.175c-0.238 0-0.425 0.188-0.425 0.425 0 0.231 0.188 0.425 0.425 0.425h10.175c0.238 0 0.425-0.188 0.425-0.425s-0.194-0.425-0.425-0.425z\"\/><!-- [et_pb_line_break_holder] -->  <path id=\"svg-ico\" fill=\"#0047AB\" d=\"M23.712 23.781h-7.637c-0.238 0-0.425 0.188-0.425 0.425s0.188 0.425 0.425 0.425h7.631c0.238 0 0.425-0.188 0.425-0.425 0-0.231-0.188-0.425-0.419-0.425z\"\/><\/svg>[\/et_pb_code][\/et_pb_column][\/et_pb_row][\/et_pb_section][et_pb_section fb_built=&#8221;1&#8243; _builder_version=&#8221;4.27.4&#8243; _module_preset=&#8221;default&#8221; background_enable_color=&#8221;off&#8221; use_background_color_gradient=&#8221;on&#8221; background_color_gradient_stops=&#8221;#f0efef 0%|#dcdcdc 100%&#8221; custom_margin=&#8221;||0px||false|false&#8221; custom_padding=&#8221;5vh||2vh||false|false&#8221; global_module=&#8221;2246&#8243; saved_tabs=&#8221;all&#8221; global_colors_info=&#8221;{}&#8221;][et_pb_row use_custom_gutter=&#8221;on&#8221; gutter_width=&#8221;1&#8243; make_equal=&#8221;on&#8221; _builder_version=&#8221;4.27.4&#8243; _module_preset=&#8221;default&#8221; global_colors_info=&#8221;{}&#8221;][et_pb_column type=&#8221;4_4&#8243; _builder_version=&#8221;4.27.4&#8243; _module_preset=&#8221;default&#8221; global_colors_info=&#8221;{}&#8221;][et_pb_text _builder_version=&#8221;4.27.4&#8243; _module_preset=&#8221;default&#8221; text_text_color=&#8221;#666666&#8243; text_font_size=&#8221;12px&#8221; text_line_height=&#8221;1.5em&#8221; custom_padding=&#8221;1.5rem|||1rem|false|false&#8221; custom_css_main_element=&#8221;float:right;&#8221; global_colors_info=&#8221;{}&#8221;]<\/p>\n<p>Creat \u0219i g\u0103zduit de<\/p>\n<p><span style=\"font-size: 18px; color: #444444;\">ESQ by ESQUARE<\/span><br \/>simple hosting solutions<\/p>\n<p>[\/et_pb_text][et_pb_text _builder_version=&#8221;4.27.4&#8243; _module_preset=&#8221;default&#8221; text_font_size=&#8221;14px&#8221; text_line_height=&#8221;1.5em&#8221; header_4_line_height=&#8221;1.25em&#8221; global_colors_info=&#8221;{}&#8221;]<\/p>\n<p><img loading=\"lazy\" decoding=\"async\" src=\"https:\/\/esquare.ro\/site\/wp-content\/uploads\/esq-grey.png\" width=\"120\" height=\"100\" alt=\"\" class=\"wp-image-1357 alignleft size-full\" \/><\/p>\n<h4 style=\"padding-top: 0.25em;\">ESQUARE SYSTEMS<\/h4>\n<p>Str. Matei Basarab Nr. 85, Bl. L119bis, Sc. A, Ap. 1, Parter, Sector 3, Bucure\u0219ti<br \/>(+4) <strong>031 420 4430<\/strong>\u2003|\u2003esquare<svg width=\"18px\" height=\"16px\" style=\"margin-bottom: -4px;\" viewbox=\"0 0 24 24\" xmlns=\"http:\/\/www.w3.org\/2000\/svg\" fill=\"none\"> <path stroke=\"#444444\" stroke-linecap=\"round\" stroke-linejoin=\"round\" stroke-width=\"2\" d=\"M16 20.064A9 9 0 1 1 21 12v1.5a2.5 2.5 0 0 1-5 0V8m0 4a4 4 0 1 1-8 0 4 4 0 0 1 8 0Z\"><\/path><\/svg>esquare.ro<\/p>\n<p>[\/et_pb_text][\/et_pb_column][\/et_pb_row][\/et_pb_section]<\/p>\n","protected":false},"excerpt":{"rendered":"<p>servicii profesionale de proiectare, execu\u021bie \u0219i mentenan\u021b\u0103 IT pentru infrastructuri complexe, helpdesk cu timp de raspuns garantat<\/p>\n","protected":false},"author":1,"featured_media":0,"parent":0,"menu_order":0,"comment_status":"closed","ping_status":"closed","template":"","meta":{"_et_pb_use_builder":"on","_et_pb_old_content":"<div class=\"col-md-12 col-lg-6 text-justify space-top-big\"><h2 class=\"lineblue\"><i class=\"fa fa-tasks fa-2x space-right\"><\/i>Externalizare IT<\/h2><p>Externalizarea IT (IT Outsourcing) reprezint\u0103 \u00eencredin\u021barea serviciilor IT unei companii specializate; este vorba despre acele servicii care in mod traditional ar fi realizate de c\u0103tre un angajat sau un departament tehnic propriu. Colaborarea cu ESQUARE SYSTEMS aduce avantaje tehnologice, opera\u021bionale \u0219i financiare:<\/p><ul><li><strong class=\"lineblue\">acces la cuno\u0219tin\u021be aplicate extinse in domeniul IT<\/strong> (know-how), cu personal specializat \u0219i certificat, acoperind \u00eentregul spectru de servicii \u0219i capabilit\u0103\u021bi tehnice,<\/li><li><strong class=\"lineblue\">acces la cele mai noi tehnologii<\/strong> din industrie \u0219i integrarea acestora in cadrul infrastructurii existente,<\/li><li><strong class=\"lineblue\">c\u00e2\u0219tigarea unui plus de timp \u0219i resurse<\/strong> care s\u0103 permit\u0103 concentrarea mai eficient\u0103 pe activitat\u0103\u021bile principale ale companiei,<\/li><li><strong class=\"lineblue\">flexibilitate<\/strong> \u00een ceea ce prive\u0219te oricare dintre termenii colabor\u0103rii, \u00een condi\u021biile \u00een care buna func\u021bionare a infrastructurii Clientului \u0219i rela\u021bionarea pe termen lung ca o consecin\u021b\u0103 direct\u0103 a acesteia, este principalul nostru scop declarat,<\/li><li><strong class=\"lineblue\">garantarea contractual\u0103 a calit\u0103\u021bii serviciilor<\/strong> (Service-level agreement), asigur\u00e2ndu-se astfel un raport real \u00eentre nivelul de r\u0103spundere, serviciile prestate \u015fi plata acestora,<\/li><li><strong class=\"lineblue\">optimizarea costurilor<\/strong><\/li><\/ul><p>\u00a0<\/p><h2 class=\"lineblue\"><i class=\"fa fa-user-plus fa-2x space-right\"><\/i>Suport IT complementar<\/h2><p>Oferim solu\u021bii complete de outsourcing IT, ins\u0103 dac\u0103 ave\u021bi un departament IT existent, putem completa \u0219i extinde personalul dumneavoastr\u0103, cu speciali\u0219ti de nivel avansat, pentru mentenan\u021b\u0103 regulat\u0103 sau proiecte punctuale, dup\u0103 cum este necesar.<\/p><p>\u00a0<\/p><h2 class=\"lineblue\"><i class=\"fa fa-hdd-o fa-2x space-right\"><\/i>Off-site Backup. Solu\u021bii DR<\/h2><p>Recuperare sigur\u0103 a datelor pre-salvate \u00een structuri securizate Off-site. Acestea pot fi puse la dispozi\u021bie de c\u0103tre noi (servere virtuale sau reale colocate in datacenter) sau achizi\u021bionate de c\u0103tre Client si locate intr-un site al acestuia, cu respectarea anumitor condi\u021bii care s\u0103 asigure consisten\u021ba datelor.<\/p><p>\u00a0<\/p><\/div><div class=\"col-md-12 col-lg-6 text-justify space-top-big\"><h2 class=\"lineblue\"><i class=\"fa fa-life-saver fa-2x space-right\"><\/i>Online Remote Support<\/h2><p>Tehnicienii no\u0219tri se pot conecta online direct la sistemele IT ale organiza\u021biei dvs. \u0219i s\u0103 rezolve problemele de la distan\u021b\u0103. Putem repara cele mai multe probleme \u00een acest fel, permi\u021b\u00e2ndu-v\u0103 s\u0103 fi\u021bi gata de a v\u0103 relua lucrul repede, f\u0103r\u0103 s\u0103 fie nevoie s\u0103 a\u0219tepta\u021bi un tehnician s\u0103 vin\u0103 la sediul dumneavoastr\u0103. Va putem ajuta cu probleme legate de server, desktop \u0219i de re\u021bea.<\/p><p>\u00a0<\/p><h2 class=\"lineblue\"><i class=\"fa fa-shield fa-2x space-right\"><\/i>Management \u0219i Monitorizare<\/h2><ul><li>Monitorizare servere, Back-up SQL \u0219i Date stocate<\/li><li>Monitorizare echipamente de re\u021bea active<\/li><li>Inventarul activelor \u0219i managementul licen\u021belor software<\/li><li>Actualiz\u0103ri software pentru server \u0219i sta\u021bii de lucru<\/li><li>Patch-uri de management \u0219i optimizarea sistemului<\/li><li>Monitorizare antivirus, Filtrare Web<\/li><li>Probleme de coordonate cu Furnizorii Hardware \/ Software<\/li><li>Notific\u0103ri \u0219i alerte dup\u0103 orele de program<\/li><\/ul><p>\u00a0<\/p><h2 class=\"lineblue\"><i class=\"fa fa-share-alt fa-2x space-right\"><\/i>Cablare structurat\u0103<\/h2><p>Cablarea structurat\u0103 este baza comunic\u0103rii \u00eentre elementele unei re\u021bele, calculatoare, servere, routere, switch-uri, echipamente de telefonie, camere video si sisteme de securitare. Avem experien\u021b\u0103 in execu\u021bia de re\u021bele structurate, asigur\u00e2nd proiectarea, execu\u021bia \u0219i serviciile de \u00eentre\u021binere pentru acestea.<\/p><p>\u00a0<\/p><h2 class=\"lineblue\"><i class=\"fa fa-html5 fa-2x space-right\"><\/i>Design Website \u0219i G\u0103zduire<\/h2><p>Solu\u021bii complete de design Web, g\u0103zduire (Shared Hosting, VPS, \u00eenchiriere \u0219i colocare servere) \u0219i mentenan\u021b\u0103 pentru acestea \u00een cadrul proiectului <a href=\"https:\/\/www.esq.ro\"><strong>ESQ by ESQUARE<\/strong><\/a>, solu\u021bia noastr\u0103 de servicii Web care vine \u00een completarea serviciilor IT c\u0103tre companii.<br \/> <a href=\"https:\/\/www.esq.ro\">Afla\u021bi mai mult pe websitul dedicat \u2192<\/a><\/p><\/div>","_et_gb_content_width":"","footnotes":""},"class_list":["post-67","page","type-page","status-publish","hentry"],"_links":{"self":[{"href":"https:\/\/esquare.ro\/site\/wp-json\/wp\/v2\/pages\/67","targetHints":{"allow":["GET"]}}],"collection":[{"href":"https:\/\/esquare.ro\/site\/wp-json\/wp\/v2\/pages"}],"about":[{"href":"https:\/\/esquare.ro\/site\/wp-json\/wp\/v2\/types\/page"}],"author":[{"embeddable":true,"href":"https:\/\/esquare.ro\/site\/wp-json\/wp\/v2\/users\/1"}],"replies":[{"embeddable":true,"href":"https:\/\/esquare.ro\/site\/wp-json\/wp\/v2\/comments?post=67"}],"version-history":[{"count":0,"href":"https:\/\/esquare.ro\/site\/wp-json\/wp\/v2\/pages\/67\/revisions"}],"wp:attachment":[{"href":"https:\/\/esquare.ro\/site\/wp-json\/wp\/v2\/media?parent=67"}],"curies":[{"name":"wp","href":"https:\/\/api.w.org\/{rel}","templated":true}]}}