{"id":1644,"date":"2019-07-23T14:18:58","date_gmt":"2019-07-23T14:18:58","guid":{"rendered":"https:\/\/esquare.ro\/site\/?page_id=1644"},"modified":"2025-11-12T23:05:32","modified_gmt":"2025-11-12T23:05:32","slug":"executie-infrastructura-it","status":"publish","type":"page","link":"https:\/\/esquare.ro\/site\/executie-infrastructura-it\/","title":{"rendered":"Execu\u021bie infrastructur\u0103 IT"},"content":{"rendered":"<p>[et_pb_section fb_built=&#8221;1&#8243; _builder_version=&#8221;4.27.4&#8243; background_color=&#8221;#f0efef&#8221; global_colors_info=&#8221;{}&#8221;][et_pb_row _builder_version=&#8221;4.16&#8243; global_colors_info=&#8221;{}&#8221;][et_pb_column type=&#8221;4_4&#8243; _builder_version=&#8221;4.16&#8243; global_colors_info=&#8221;{}&#8221;][et_pb_text _builder_version=&#8221;4.16&#8243; text_text_align=&#8221;right&#8221; global_colors_info=&#8221;{}&#8221;]<\/p>\n<h1>Execu\u021bie infrastructur\u0103 IT\u00a0<\/h1>\n<p>[\/et_pb_text][\/et_pb_column][\/et_pb_row][et_pb_row column_structure=&#8221;1_4,3_4&#8243; _builder_version=&#8221;4.27.4&#8243; hover_enabled=&#8221;0&#8243; global_colors_info=&#8221;{}&#8221; make_equal=&#8221;on&#8221; sticky_enabled=&#8221;0&#8243;][et_pb_column type=&#8221;1_4&#8243; _builder_version=&#8221;4.27.4&#8243; hover_enabled=&#8221;0&#8243; global_colors_info=&#8221;{}&#8221; custom_css_main_element=&#8221;margin:auto;&#8221; sticky_enabled=&#8221;0&#8243;][et_pb_code _builder_version=&#8221;4.27.4&#8243; _module_preset=&#8221;default&#8221; text_orientation=&#8221;center&#8221; hover_enabled=&#8221;0&#8243; global_colors_info=&#8221;{}&#8221; sticky_enabled=&#8221;0&#8243;]<svg height=\"160px\" width=\"160px\" version=\"1.1\" id=\"Layer_1\" xmlns=\"http:\/\/www.w3.org\/2000\/svg\" xmlns:xlink=\"http:\/\/www.w3.org\/1999\/xlink\" viewBox=\"0 0 490.00 490.00\" xml:space=\"preserve\" fill=\"#0047ab\" stroke=\"#0047ab\" stroke-width=\"0.00490001\"><g><!-- [et_pb_line_break_holder] --><path style=\"fill:#fff;\" d=\"M343.6,159.9c0,9.4-7.6,16.9-16.9,16.9H163.3c-9.4,0-16.9-7.6-16.9-16.9V42.6 c0-9.4,7.6-16.9,16.9-16.9h163.4c9.4,0,16.9,7.6,16.9,16.9V159.9z\"><\/path> <path d=\"M326.7,185.9c14.3,0,26-11.7,26-26V42.6c0-14.3-11.7-26-26-26H163.3c-14.3,0-26,11.7-26,26v117.3c0,14.3,11.7,26,26,26 h72.6v24.2h-23.8c-5,0-9.1,4.1-9.1,9.1s4.1,9.1,9.1,9.1h65.7c5,0,9.1-4.1,9.1-9.1s-4.1-9.1-9.1-9.1H254v-24.2H326.7z M155.4,159.9 V42.6c0-4.3,3.5-7.9,7.9-7.9h163.4c4.3,0,7.9,3.5,7.9,7.9v117.3c0,4.3-3.5,7.9-7.9,7.9H163.3C159,167.8,155.4,164.3,155.4,159.9z\"><\/path> <!-- [et_pb_line_break_holder] --><path style=\"fill:#eeeeee;\" d=\"M206.3,405.1c0,9.4-7.6,16.9-16.9,16.9H26c-9.4,0-16.9-7.6-16.9-16.9V287.8 c0-9.4,7.6-16.9,16.9-16.9h163.4c9.4,0,16.9,7.6,16.9,16.9L206.3,405.1L206.3,405.1z\"><\/path> <!-- [et_pb_line_break_holder] --><path style=\"fill:#eeeeee;\" d=\"M481,405.1c0,9.4-7.6,16.9-16.9,16.9H300.7c-9.4,0-16.9-7.6-16.9-16.9V287.8 c0-9.4,7.6-16.9,16.9-16.9H464c9.4,0,16.9,7.6,16.9,16.9v117.3L481,405.1L481,405.1z\"><\/path> <path d=\"M189.3,261.7H26c-14.3,0-26,11.7-26,26V405c0,14.3,11.7,26,26,26h72.6v24.2H74.8c-5,0-9.1,4.1-9.1,9.1s4.1,9.1,9.1,9.1 h65.7c5,0,9.1-4.1,9.1-9.1s-4.1-9.1-9.1-9.1h-23.8V431h72.6c14.3,0,26-11.7,26-26V287.8C215.3,273.4,203.7,261.7,189.3,261.7z M197.2,405.1c0,4.3-3.5,7.9-7.9,7.9H26c-4.3,0-7.9-3.5-7.9-7.9V287.8c0-4.3,3.5-7.9,7.9-7.9h163.4c4.3,0,7.9,3.5,7.9,7.9v117.3 L197.2,405.1L197.2,405.1z\"><\/path> <!-- [et_pb_line_break_holder] --><path style=\"fill:#555555;\" d=\"M464,261.7H300.7c-14.3,0-26,11.7-26,26V405c0,14.3,11.7,26,26,26h72.6v24.2h-23.8c-5,0-9.1,4.1-9.1,9.1s4.1,9.1,9.1,9.1 h65.7c5,0,9.1-4.1,9.1-9.1s-4.1-9.1-9.1-9.1h-23.8V431H464c14.3,0,26-11.7,26-26V287.8C490.1,273.4,478.4,261.7,464,261.7z M471.9,405.1c0,4.3-3.5,7.9-7.9,7.9H300.7c-4.3,0-7.9-3.5-7.9-7.9V287.8c0-4.3,3.5-7.9,7.9-7.9H464c4.3,0,7.9,3.5,7.9,7.9V405.1z \"><\/path> <!-- [et_pb_line_break_holder] --><path style=\"fill:#888;\" d=\"M36.8,228.2c5,0,9.1-4.1,9.1-9.1V94.6h54.4c5,0,9.1-4.1,9.1-9.1s-4.1-9.1-9.1-9.1H36.8c-5,0-9.1,4.1-9.1,9.1v133.7 C27.7,224.2,31.8,228.2,36.8,228.2z\"><\/path> <!-- [et_pb_line_break_holder] -->  <path style=\"fill:#aaaaaa;\" d=\"M453.2,228.2c5,0,9.1-4.1,9.1-9.1V85.5c0-5-4.1-9.1-9.1-9.1h-63.5c-5,0-9.1,4.1-9.1,9.1s4.1,9.1,9.1,9.1h54.4v124.6 C444.2,224.2,448.2,228.2,453.2,228.2z\"><\/path> <\/g> <\/g><\/svg>[\/et_pb_code][\/et_pb_column][et_pb_column type=&#8221;3_4&#8243; _builder_version=&#8221;4.16&#8243; global_colors_info=&#8221;{}&#8221;][et_pb_text _builder_version=&#8221;4.27.4&#8243; text_orientation=&#8221;justified&#8221; global_colors_info=&#8221;{}&#8221;]<\/p>\n<h3>Cablare structurat\u0103<\/h3>\n<p><span>Coloana vertebral\u0103 a tuturor tehnologiilor de comunica\u021bii este construit\u0103 pe sistemele de cablu care \u0219erpuiesc prin cl\u0103diri de birouri, centre de date \u0219i re\u021bele de comunica\u021bii.<\/span><\/p>\n<p>Asigur\u00e2nd comunicarea \u00eentre elementele unei re\u021bele, calculatoare, servere, routere, switch-uri, echipamente de telefonie, camere video \u0219i sisteme de securitate, cablarea structurat\u0103 bine executat\u0103 este baza pe care se dezvolt\u0103 infrastructura hardware a unei companii.<\/p>\n<p>Avem experien\u021b\u0103 \u00een execu\u021bia de re\u021bele structurate, asigur\u00e2nd proiectarea, execu\u021bia, testarea, certificarea \u0219i serviciile de \u00eentre\u021binere pentru acestea.<\/p>\n<p>[\/et_pb_text][\/et_pb_column][\/et_pb_row][et_pb_row column_structure=&#8221;2_3,1_3&#8243; _builder_version=&#8221;4.19.5&#8243; _module_preset=&#8221;default&#8221; global_colors_info=&#8221;{}&#8221;][et_pb_column type=&#8221;2_3&#8243; _builder_version=&#8221;4.19.5&#8243; _module_preset=&#8221;default&#8221; global_colors_info=&#8221;{}&#8221;][et_pb_text _builder_version=&#8221;4.27.4&#8243; _module_preset=&#8221;default&#8221; text_orientation=&#8221;justified&#8221; custom_margin=&#8221;2vh||||false|false&#8221; global_colors_info=&#8221;{}&#8221;]<\/p>\n<p><span>Sprijinirea sistemelor esen\u021biale \u0219i capacitatea de a se adapta rapid \u0219i eficient la tehnologiile emergente sunt func\u021bii critice ale unei infrastructuri de re\u021bea IT bine construite, bazate pe <\/span><span>un sistem de cablare structurat robust \u0219i adaptabil.<\/span><\/p>\n<p>Serviciile noastre includ cablare de date, voce (VoIP), fibr\u0103 \u0219i video, inclusiv solu\u021bii pentru toate tipurile de infrastructur\u0103 &#8211; cablu din <span>cupru (UTP, FTP)<\/span>, fibr\u0103 optic\u0103 (SM, MM) \u0219i re\u021bele f\u0103r\u0103 fir (WiFi), precum \u0219i instalarea \u0219i configurarea echipamentelor de retea active (router, switch-uri, controller, etc.).<\/p>\n<p><strong><span>Instalarea re\u021bea \u00een camera serverului<\/span><\/strong><span>\u00a0<\/span><span> \u2013 Deoarece camera serverelor este creierul centralizat al sistemului de cablare al unei re\u021bele, avem grij\u0103 deosebit\u0103 s\u0103 o proiect\u0103m \u0219i s\u0103 o instal\u0103m conform celor mai \u00eenalte standarde<\/span><\/p>\n<p>[\/et_pb_text][\/et_pb_column][et_pb_column type=&#8221;1_3&#8243; _builder_version=&#8221;4.19.5&#8243; _module_preset=&#8221;default&#8221; global_colors_info=&#8221;{}&#8221;][et_pb_image src=&#8221;https:\/\/esquare.ro\/site\/wp-content\/uploads\/cabling-img02.png&#8221; title_text=&#8221;cabling-img02&#8243; align=&#8221;center&#8221; _builder_version=&#8221;4.27.4&#8243; _module_preset=&#8221;default&#8221; global_colors_info=&#8221;{}&#8221;][\/et_pb_image][\/et_pb_column][\/et_pb_row][\/et_pb_section][et_pb_section fb_built=&#8221;1&#8243; _builder_version=&#8221;4.27.4&#8243; _module_preset=&#8221;default&#8221; background_enable_color=&#8221;off&#8221; use_background_color_gradient=&#8221;on&#8221; background_color_gradient_stops=&#8221;#f0efef 0%|#dcdcdc 100%&#8221; custom_margin=&#8221;||0px||false|false&#8221; custom_padding=&#8221;5vh||2vh||false|false&#8221; global_module=&#8221;2246&#8243; saved_tabs=&#8221;all&#8221; global_colors_info=&#8221;{}&#8221;][et_pb_row use_custom_gutter=&#8221;on&#8221; gutter_width=&#8221;1&#8243; make_equal=&#8221;on&#8221; _builder_version=&#8221;4.27.4&#8243; _module_preset=&#8221;default&#8221; global_colors_info=&#8221;{}&#8221;][et_pb_column type=&#8221;4_4&#8243; _builder_version=&#8221;4.27.4&#8243; _module_preset=&#8221;default&#8221; global_colors_info=&#8221;{}&#8221;][et_pb_text _builder_version=&#8221;4.27.4&#8243; _module_preset=&#8221;default&#8221; text_text_color=&#8221;#666666&#8243; text_font_size=&#8221;12px&#8221; text_line_height=&#8221;1.5em&#8221; custom_padding=&#8221;1.5rem|||1rem|false|false&#8221; custom_css_main_element=&#8221;float:right;&#8221; global_colors_info=&#8221;{}&#8221;]<\/p>\n<p>Creat \u0219i g\u0103zduit de<\/p>\n<p><span style=\"font-size: 18px; color: #444444;\">ESQ by ESQUARE<\/span><br \/>simple hosting solutions<\/p>\n<p>[\/et_pb_text][et_pb_text _builder_version=&#8221;4.27.4&#8243; _module_preset=&#8221;default&#8221; text_font_size=&#8221;14px&#8221; text_line_height=&#8221;1.5em&#8221; header_4_line_height=&#8221;1.25em&#8221; global_colors_info=&#8221;{}&#8221;]<\/p>\n<p><img loading=\"lazy\" decoding=\"async\" src=\"https:\/\/esquare.ro\/site\/wp-content\/uploads\/esq-grey.png\" width=\"120\" height=\"100\" alt=\"\" class=\"wp-image-1357 alignleft size-full\" \/><\/p>\n<h4 style=\"padding-top: 0.25em;\">ESQUARE SYSTEMS<\/h4>\n<p>Str. Matei Basarab Nr. 85, Bl. L119bis, Sc. A, Ap. 1, Parter, Sector 3, Bucure\u0219ti<br \/>(+4) <strong>031 420 4430<\/strong>\u2003|\u2003esquare<svg width=\"18px\" height=\"16px\" style=\"margin-bottom: -4px;\" viewbox=\"0 0 24 24\" xmlns=\"http:\/\/www.w3.org\/2000\/svg\" fill=\"none\"> <path stroke=\"#444444\" stroke-linecap=\"round\" stroke-linejoin=\"round\" stroke-width=\"2\" d=\"M16 20.064A9 9 0 1 1 21 12v1.5a2.5 2.5 0 0 1-5 0V8m0 4a4 4 0 1 1-8 0 4 4 0 0 1 8 0Z\"><\/path><\/svg>esquare.ro<\/p>\n<p>[\/et_pb_text][\/et_pb_column][\/et_pb_row][\/et_pb_section]<\/p>\n","protected":false},"excerpt":{"rendered":"<p>Execu\u021bie infrastructur\u0103 IT\u00a0Cablare structurat\u0103 Coloana vertebral\u0103 a tuturor tehnologiilor de comunica\u021bii este construit\u0103 pe sistemele de cablu care \u0219erpuiesc prin cl\u0103diri de birouri, centre de date \u0219i re\u021bele de comunica\u021bii. Asigur\u00e2nd comunicarea \u00eentre elementele unei re\u021bele, calculatoare, servere, routere, switch-uri, echipamente de telefonie, camere video \u0219i sisteme de securitate, cablarea structurat\u0103 bine executat\u0103 este baza [&hellip;]<\/p>\n","protected":false},"author":1,"featured_media":0,"parent":0,"menu_order":0,"comment_status":"closed","ping_status":"closed","template":"","meta":{"_et_pb_use_builder":"on","_et_pb_old_content":"","_et_gb_content_width":"","footnotes":""},"class_list":["post-1644","page","type-page","status-publish","hentry"],"_links":{"self":[{"href":"https:\/\/esquare.ro\/site\/wp-json\/wp\/v2\/pages\/1644","targetHints":{"allow":["GET"]}}],"collection":[{"href":"https:\/\/esquare.ro\/site\/wp-json\/wp\/v2\/pages"}],"about":[{"href":"https:\/\/esquare.ro\/site\/wp-json\/wp\/v2\/types\/page"}],"author":[{"embeddable":true,"href":"https:\/\/esquare.ro\/site\/wp-json\/wp\/v2\/users\/1"}],"replies":[{"embeddable":true,"href":"https:\/\/esquare.ro\/site\/wp-json\/wp\/v2\/comments?post=1644"}],"version-history":[{"count":0,"href":"https:\/\/esquare.ro\/site\/wp-json\/wp\/v2\/pages\/1644\/revisions"}],"wp:attachment":[{"href":"https:\/\/esquare.ro\/site\/wp-json\/wp\/v2\/media?parent=1644"}],"curies":[{"name":"wp","href":"https:\/\/api.w.org\/{rel}","templated":true}]}}