{"id":1634,"date":"2019-07-23T14:02:19","date_gmt":"2019-07-23T14:02:19","guid":{"rendered":"https:\/\/esquare.ro\/site\/?page_id=1634"},"modified":"2025-11-12T22:48:08","modified_gmt":"2025-11-12T22:48:08","slug":"backup-on-site-off-site-solutii-dr","status":"publish","type":"page","link":"https:\/\/esquare.ro\/site\/servicii-it\/backup-on-site-off-site-solutii-dr\/","title":{"rendered":"Backup On-site \/ Off-site, Solu\u021bii DR"},"content":{"rendered":"<p>[et_pb_section fb_built=&#8221;1&#8243; _builder_version=&#8221;4.27.4&#8243; background_color=&#8221;#f0efef&#8221; global_colors_info=&#8221;{}&#8221;][et_pb_row _builder_version=&#8221;4.16&#8243; global_colors_info=&#8221;{}&#8221;][et_pb_column type=&#8221;4_4&#8243; _builder_version=&#8221;4.16&#8243; global_colors_info=&#8221;{}&#8221;][et_pb_text _builder_version=&#8221;4.16&#8243; text_text_align=&#8221;right&#8221; global_colors_info=&#8221;{}&#8221;]<\/p>\n<h1>Backup On-site \/ Off-site, Solu\u021bii DR<\/h1>\n<p>[\/et_pb_text][\/et_pb_column][\/et_pb_row][et_pb_row column_structure=&#8221;3_4,1_4&#8243; make_equal=&#8221;on&#8221; _builder_version=&#8221;4.27.4&#8243; global_colors_info=&#8221;{}&#8221;][et_pb_column type=&#8221;3_4&#8243; _builder_version=&#8221;4.27.4&#8243; custom_css_main_element=&#8221;margin:auto;&#8221; global_colors_info=&#8221;{}&#8221;][et_pb_text _builder_version=&#8221;4.27.4&#8243; text_font_size=&#8221;18px&#8221; text_line_height=&#8221;1.5em&#8221; header_font=&#8221;||||||||&#8221; header_font_size=&#8221;2em&#8221; header_line_height=&#8221;1.6em&#8221; text_orientation=&#8221;justified&#8221; global_colors_info=&#8221;{}&#8221;]<\/p>\n<h2>Sunt datele tale \u00een siguran\u021b\u0103?<\/h2>\n<p>Ce se \u00eent\u00e2mpl\u0103 cu datele organiza\u021biei tale \u00een caz de distrugere par\u021bial\u0103 sau total\u0103, accidental\u0103 sau inten\u021bionat\u0103?<\/p>\n<p><strong>Sunt datele tale securizate \u0219i stocate \u00een siguran\u021b\u0103?<\/strong><\/p>\n<p>Este critic sa asiguri at\u00e2t salvarea local\u0103, c\u00e2t \u0219i recuperarea \u00een caz de dezastru a datelor pre-salvate \u00een structuri securizate, \u00een afara loca\u021biei. Aceste structuri pot fi puse la dispozi\u021bie de c\u0103tre noi (servere virtuale sau reale colocate \u00een data center) sau achizi\u021bionate de c\u0103tre tine \u0219i instalate \u00eentr-un alt loc, \u00een afara loca\u021biei principale, cu respectarea anumitor condi\u021bii care s\u0103 asigure protec\u021bia, consisten\u021ba datelor \u0219i reinstalarea acestora c\u00e2t mai rapid\u0103 \u0219i \u00een condi\u021bii de maxim\u0103 siguran\u021b\u0103.<\/p>\n<p>[\/et_pb_text][\/et_pb_column][et_pb_column type=&#8221;1_4&#8243; _builder_version=&#8221;4.27.4&#8243; custom_css_main_element=&#8221;margin:auto;&#8221; global_colors_info=&#8221;{}&#8221;][et_pb_code _builder_version=&#8221;4.27.4&#8243; _module_preset=&#8221;default&#8221; text_orientation=&#8221;center&#8221; custom_margin=&#8221;4vh||||false|false&#8221; global_colors_info=&#8221;{}&#8221;]<svg width=\"160px\" height=\"160px\" viewBox=\"0 0 64 64\" xmlns=\"http:\/\/www.w3.org\/2000\/svg\" fill=\"#000000\"><g> <defs> <\/p>\n<style>.cls-1{fill:#0047ab;}.cls-2{fill:#666;}.cls-3{fill:#999;}<\/style>\n<p> <\/defs> <title>backup<\/title><!-- [et_pb_line_break_holder] --><path class=\"cls-1\" d=\"M59,57H49.6a1,1,0,1,1,0-2H58V42H37v1.25a1,1,0,0,1-2,0V41a1,1,0,0,1,1-1H59a1,1,0,0,1,1,1V56A1,1,0,0,1,59,57Z\"><\/path> <path class=\"cls-1\" d=\"M46.4,57H40.24a1,1,0,0,1,0-2H46.4a1,1,0,1,1,0,2Z\"><\/path> <!-- [et_pb_line_break_holder] --><path class=\"cls-1\" d=\"M52,60H44a1,1,0,0,1-.9-.57,1,1,0,0,1,.12-1l4-5a1,1,0,0,1,1.56,0l4,5a1,1,0,0,1,.12,1A1,1,0,0,1,52,60Zm-5.92-2h3.84L48,55.6Z\"><\/path> <path class=\"cls-1\" d=\"M34,60a9,9,0,1,1,9-9A9,9,0,0,1,34,60Zm0-16a7,7,0,1,0,7,7A7,7,0,0,0,34,44Z\"><\/path> <!-- [et_pb_line_break_holder] --><path class=\"cls-1\" d=\"M34,54a3,3,0,1,1,3-3A3,3,0,0,1,34,54Zm0-4a1,1,0,1,0,1,1A1,1,0,0,0,34,50Z\"><\/path> <!-- [et_pb_line_break_holder] --><path class=\"cls-2\" d=\"M14.92,29.18a3.93,3.93,0,0,1-1.43-.26,4,4,0,0,1-.21-7.39,3.92,3.92,0,0,1,3.06-.08,4,4,0,0,1,2.31,5.16,4,4,0,0,1-2.1,2.22A3.89,3.89,0,0,1,14.92,29.18Zm0-6a2,2,0,0,0-1.87,1.29,2,2,0,1,0,3.73,1.43,1.94,1.94,0,0,0,0-1.53h0a2,2,0,0,0-1.11-1.06A2.17,2.17,0,0,0,14.92,23.18Z\"><\/path> <path class=\"cls-2\" d=\"M21.62,26.47a1,1,0,0,1-.91-.59L18.26,20.4a1,1,0,1,1,1.82-.81l2.45,5.48a1,1,0,0,1-.5,1.32A1,1,0,0,1,21.62,26.47Z\"><\/path> <path class=\"cls-2\" d=\"M23.39,23a1,1,0,0,1-.81-.42,2.93,2.93,0,0,1-.37-.67,4,4,0,0,1,2-5.25,3.41,3.41,0,0,1,.68-.23,1,1,0,1,1,.46,1.94,2.19,2.19,0,0,0-.33.12,2,2,0,0,0-1,2.63,2,2,0,0,0,.16.3A1,1,0,0,1,24,22.79,1,1,0,0,1,23.39,23Z\"><\/path> <!-- [et_pb_line_break_holder] --><path class=\"cls-2\" d=\"M18.85,34.88a1,1,0,0,1-1-.73,4,4,0,0,1,1.66-4.41,1,1,0,0,1,1.29.14,1,1,0,0,1,0,1.4h0a.79.79,0,0,1-.15.12,2,2,0,0,0-.84,2.19,1,1,0,0,1-.68,1.24A1,1,0,0,1,18.85,34.88Z\"><\/path> <path class=\"cls-2\" d=\"M17.48,39.28a1,1,0,0,1-.91-.6l-2.45-5.47A1,1,0,1,1,16,32.39l2.44,5.48a1,1,0,0,1-.5,1.32A1,1,0,0,1,17.48,39.28Z\"><\/path> <path class=\"cls-3\" d=\"M21.66,55.1a5,5,0,0,1-4.55-3L4.46,23.84A5,5,0,0,1,7,17.23L28,7.82a1,1,0,0,1,1.34,1.27L18.71,37a3,3,0,0,0,1.73,3.87l4.48,1.72a1,1,0,0,1-.32,1.94,1,1,0,0,1-.37-.07l-4.51-1.73a5,5,0,0,1-2.87-6.45l9.81-25.68L7.8,19.05a3,3,0,0,0-1.52,4l12.65,28.3a3,3,0,0,0,3.28,1.73,1,1,0,1,1,.36,2A4.68,4.68,0,0,1,21.66,55.1Z\"><\/path> <path class=\"cls-3\" d=\"M51.91,38a.92.92,0,0,1-.36-.07A1,1,0,0,1,51,36.64l6.83-17.87a3,3,0,0,0-1.74-3.87L33.65,6.33a3,3,0,0,0-3.88,1.74l-.39,1a1,1,0,1,1-1.86-.72l.39-1a5,5,0,0,1,6.46-2.88L56.79,13a5,5,0,0,1,2.89,6.44L52.84,37.36A1,1,0,0,1,51.91,38Z\"><\/path> <!-- [et_pb_line_break_holder] --><path class=\"cls-2\" d=\"M34.35,19.7a3.92,3.92,0,0,1-1.42-.26,4,4,0,1,1,5.16-2.31h0A4,4,0,0,1,34.35,19.7Zm0-6a2,2,0,1,0,1.86,2.72h0a2,2,0,0,0-1.15-2.59A2.27,2.27,0,0,0,34.36,13.7Zm2.8,3.07h0Z\"><\/path> <path class=\"cls-2\" d=\"M38.89,21.65a.92.92,0,0,1-.36-.07A1,1,0,0,1,38,20.29l2.15-5.6A1,1,0,1,1,42,15.4L39.82,21A1,1,0,0,1,38.89,21.65Z\"><\/path> <path class=\"cls-2\" d=\"M45.56,24a4,4,0,0,1-3.65-2.37,4,4,0,0,1,2-5.28A4,4,0,0,1,47,16.25a4,4,0,0,1,2.31,5.17h0A4,4,0,0,1,45.56,24Zm0-6a1.9,1.9,0,0,0-.81.17,2,2,0,0,0-1.06,1.11,2,2,0,0,0,2.69,2.54,1.94,1.94,0,0,0,1-1.11,2,2,0,0,0-1.15-2.58A2,2,0,0,0,45.56,18Zm2.8,3.07h0Z\"><\/path> <!-- [et_pb_line_break_holder] --><path class=\"cls-2\" d=\"M50.1,25.93a1.13,1.13,0,0,1-.36-.06,1,1,0,0,1-.58-1.29L51.3,19a1,1,0,0,1,1.3-.58,1,1,0,0,1,.57,1.29L51,25.29A1,1,0,0,1,50.1,25.93Z\"><\/path> <path class=\"cls-2\" d=\"M44.8,34.4a4.11,4.11,0,0,1-1.43-.26A4,4,0,0,1,41.06,29h0a4,4,0,1,1,7.47,2.86,4,4,0,0,1-2.1,2.22A4.09,4.09,0,0,1,44.8,34.4Zm-1.87-4.71a2,2,0,0,0,1.15,2.58,2,2,0,0,0,1.53,0,2,2,0,1,0-2.68-2.54Z\"><\/path> <path class=\"cls-2\" d=\"M38.12,32.06a.92.92,0,0,1-.36-.07,1,1,0,0,1-.58-1.29l2.15-5.6a1,1,0,1,1,1.86.71l-2.14,5.61A1,1,0,0,1,38.12,32.06Z\"><\/path> <path class=\"cls-2\" d=\"M33.58,30.11a4,4,0,0,1-1.42-.26,4,4,0,0,1-2.31-5.16h0a4,4,0,1,1,3.73,5.42ZM31.72,25.4a2,2,0,1,0,2.58-1.15,2,2,0,0,0-2.58,1.15Z\"><\/path> <!-- [et_pb_line_break_holder] --><path class=\"cls-2\" d=\"M26.91,27.77a1.13,1.13,0,0,1-.36-.06A1,1,0,0,1,26,26.42l2.14-5.61a1,1,0,0,1,1.87.72l-2.15,5.6A1,1,0,0,1,26.91,27.77Z\"><\/path> <\/g> <\/svg>[\/et_pb_code][\/et_pb_column][\/et_pb_row][et_pb_row _builder_version=&#8221;4.27.4&#8243; global_colors_info=&#8221;{}&#8221;][et_pb_column type=&#8221;4_4&#8243; _builder_version=&#8221;4.16&#8243; global_colors_info=&#8221;{}&#8221;][et_pb_text _builder_version=&#8221;4.27.4&#8243; text_font_size=&#8221;18px&#8221; text_line_height=&#8221;1.5em&#8221; text_orientation=&#8221;justified&#8221; global_colors_info=&#8221;{}&#8221;]<\/p>\n<p>Exist\u0103 o diferen\u021b\u0103 important\u0103 \u00eentre recuperarea de rezerv\u0103 (Backup Recovery) \u0219i recuperarea \u00een caz de dezastre (Disaster Recovery \/ DR).<\/p>\n<p><strong>Backup<\/strong> este procesul de a face o copie de siguran\u021b\u0103, suplimentar\u0103 (sau mai multe copii) de date pentru a le putea restaura in situa\u021bia unei \u0219tergeri accidentale, o corup\u021bie a bazei de date sau o problem\u0103 cu o actualizare software.<\/p>\n<p><strong>Disaster Recovery (DR)<\/strong>, pe de alt\u0103 parte, se refer\u0103 la planul \u0219i procesele pentru restabilirea rapid\u0103 a accesului la aplica\u021bii, date \u0219i resurse IT dup\u0103 o \u00eentrerupere generat\u0103 de factori multipli cu impact mare asupra consisten\u021bei datelor \u0219i a accesului la acestea. Acest plan ar putea implica utilizarea alternativ\u0103 a unui set redundant de servere \u0219i sisteme de stocare p\u00e2n\u0103 c\u00e2nd centrul de date principal \u0219i \/ sau sediul companiei, vor fi din nou func\u021bionale.<\/p>\n<p><strong>Business Continuity<\/strong><br \/>Dup\u0103 o \u00eentrerupere grav\u0103, faptul c\u0103 ai copii ale datelor nu \u00eenseamn\u0103 c\u0103 po\u021bi restaura procesele \u00een timp util, odat\u0103 cu datele, pentru a men\u021bine afacerea func\u021bional\u0103. Pentru a asigura continuitatea activit\u0103\u021bii, ai nevoie de un plan robust \u0219i testat pentru recuperarea dezastrelor \u00een cel mai scurt timp.<\/p>\n<p>[\/et_pb_text][\/et_pb_column][\/et_pb_row][et_pb_row _builder_version=&#8221;4.16&#8243; global_colors_info=&#8221;{}&#8221;][et_pb_column type=&#8221;4_4&#8243; _builder_version=&#8221;4.16&#8243; global_colors_info=&#8221;{}&#8221;][et_pb_text _builder_version=&#8221;4.27.4&#8243; header_text_align=&#8221;center&#8221; header_4_text_align=&#8221;center&#8221; text_orientation=&#8221;justified&#8221; global_colors_info=&#8221;{}&#8221;]<\/p>\n<h1>3-2-1, Start backup<\/h1>\n<p>[\/et_pb_text][\/et_pb_column][\/et_pb_row][et_pb_row column_structure=&#8221;1_4,3_4&#8243; make_equal=&#8221;on&#8221; _builder_version=&#8221;4.27.4&#8243; global_colors_info=&#8221;{}&#8221;][et_pb_column type=&#8221;1_4&#8243; _builder_version=&#8221;4.27.4&#8243; custom_css_main_element=&#8221;margin:auto;&#8221; global_colors_info=&#8221;{}&#8221;][et_pb_image src=&#8221;https:\/\/esquare.ro\/site\/wp-content\/uploads\/321-backup-img01.png&#8221; alt=&#8221;321 Backup&#8221; title_text=&#8221;321 Backup&#8221; align=&#8221;center&#8221; disabled_on=&#8221;on|on|off&#8221; _builder_version=&#8221;4.27.4&#8243; _module_preset=&#8221;default&#8221; global_colors_info=&#8221;{}&#8221;][\/et_pb_image][\/et_pb_column][et_pb_column type=&#8221;3_4&#8243; _builder_version=&#8221;4.16&#8243; global_colors_info=&#8221;{}&#8221;][et_pb_text _builder_version=&#8221;4.27.4&#8243; text_orientation=&#8221;justified&#8221; global_colors_info=&#8221;{}&#8221;]<\/p>\n<p>Minim 3 copii, \u00een\u00a0 minim 2 loca\u021bii, dintre care cel pu\u021bin una extern\u0103.<\/p>\n<p>Formul\u0103 care arat\u0103 modalitatea de replicare a datelor locale ale utilizatorilor sau a datelor de pe serverele de aplica\u021bii pe serverul de backup \u0219i mai apoi pe serverul de remote backup din afara loca\u021biei (server de stocare, Cloud). Este structura minim\u0103 pentru a asigura<strong> cel pu\u021bin 2 copii de siguran\u021b\u0103 ale datelor<\/strong> \u0219i a permite restaurarea acestora c\u00e2t mai rapid\u0103 \u00een caz de necesitate. Peste aceasta structur\u0103 se aplic\u0103 politicile de recuperare c\u00e2t mai rapid\u0103 a datelor \u0219i reinstalarea proceselor standard de lucru pentru utilizatori \u00een cel mai scurt timp cu putin\u021b\u0103.<\/p>\n<p>Backup-ul complet off-site al unui volum de date poate fi completat cu mai multe niveluri de backup incremental sau diferen\u021bial, pentru a minimiza consumul de band\u0103 de Internet \u0219i a scurta timpul necesar pentru completarea acelui backup.<\/p>\n<p>&nbsp;<\/p>\n<h2 class=\"ibm-h2\" id=\"toc-the-import-iW-ekApO\"><span><span>Importan\u021ba planific\u0103rii<\/span><\/span><\/h2>\n<p>Nu \u00ee\u021bi po\u021bi permite s\u0103 neglijezi backup-ul \u0219i planificarea recuper\u0103rii \u00een caz de dezastru. Dac\u0103 este nevoie de c\u00e2teva ore sau chiar zile pentru a prelua datele pierdute dup\u0103 o \u0219tergere accidental\u0103 sau inten\u021bionat\u0103, angaja\u021bii \u0219i partenerii t\u0103i vor r\u0103m\u00e2ne inactivi, \u00een imposibilitatea de a finaliza procesele critice pentru afacere, care se bazeaz\u0103 pe infrastructura companiei tale. \u0218i dac\u0103 dureaz\u0103 zile pentru a readuce afacerea online dup\u0103 un dezastru, exist\u0103 riscul de a pierde permanent clien\u021bii. Av\u00e2nd \u00een vedere perioada de timp \u0219i banii pe care i-ai putea pierde \u00een ambele cazuri, investi\u021biile \u00een structuri de backup \u0219i recuperarea \u00een caz de dezastre sunt complet justificate.<\/p>\n<p>\u00cen practic\u0103 am \u00eent\u00e2lnit cazuri \u00een care unii clien\u021bi nu au luat \u00een serios protejarea datelor \u0219i asigurarea unei proceduri de recuperare \u00een caz de pierdere. &#8220;Nu s-a \u00eent\u00e2mplat \u00een at\u00e2\u021bia ani, ce rost are sa cheltuiesc banii pe backup sau DR! Am o copie pe un HDD extern \u0219i \u00eemi ajunge.&#8221; Rezultatul? Luni \u00eentregi de munc\u0103 pierdute din cauza unui angajat neatent sau a unui <span>ransomware ajuns \u00eentr-un PC cu drepturi de scriere pe un share de pe server<\/span>.<\/p>\n<p>[\/et_pb_text][\/et_pb_column][\/et_pb_row][et_pb_row _builder_version=&#8221;4.27.4&#8243; _module_preset=&#8221;default&#8221; global_colors_info=&#8221;{}&#8221;][et_pb_column type=&#8221;4_4&#8243; _builder_version=&#8221;4.27.4&#8243; _module_preset=&#8221;default&#8221; global_colors_info=&#8221;{}&#8221;][et_pb_text _builder_version=&#8221;4.27.4&#8243; text_line_height=&#8221;1.75em&#8221; header_2_text_color=&#8221;#0047ab&#8221; text_orientation=&#8221;justified&#8221; global_colors_info=&#8221;{}&#8221;]<\/p>\n<h2>Nu a\u0219tepta p\u00e2n\u0103 te love\u0219te dezastrul!<\/h2>\n<p>Pentru majoritatea organiza\u021biilor, strategiile de backup \u0219i recuperare a dezastrelor sunt absolut critice pentru men\u021binerea s\u0103n\u0103t\u0103\u021bii afacerii. Un set de politici de recuperare \u00een caz de dezastru implementate din timp, te pot salva de la cheltuieli imediate serioase, pierderea cotei de pia\u021b\u0103 \u0219i alte daune.<\/p>\n<p>Nu a\u0219tepta, evalueaz\u0103, planific\u0103 \u0219i pune \u00een practic\u0103 strategiile de backup \u0219i recuperare \u00een caz de dezastru. Aceste planuri pot ajuta doar dac\u0103 sunt proiectate, implementate \u0219i testate cu mult \u00eenainte de a fi necesare.<\/p>\n<p>[\/et_pb_text][\/et_pb_column][\/et_pb_row][et_pb_row column_structure=&#8221;3_4,1_4&#8243; make_equal=&#8221;on&#8221; _builder_version=&#8221;4.27.4&#8243; _module_preset=&#8221;default&#8221; global_colors_info=&#8221;{}&#8221;][et_pb_column type=&#8221;3_4&#8243; _builder_version=&#8221;4.27.4&#8243; _module_preset=&#8221;default&#8221; global_colors_info=&#8221;{}&#8221;][et_pb_text _builder_version=&#8221;4.27.4&#8243; _module_preset=&#8221;default&#8221; text_orientation=&#8221;justified&#8221; global_colors_info=&#8221;{}&#8221;]<\/p>\n<p><span style=\"font-size: 30px;\">Prioritizarea volumului de lucru<\/span><\/p>\n<p>Multe organiza\u021bii au multiple RTO (Recovery Time Objective) \u0219i RPO (Recovery Point Objective) care reflect\u0103 importan\u021ba fiec\u0103rui volum de lucru pentru afacerea lor. Pentru o banc\u0103, de exemplu, sistemul bancar online este un volum de lucru critic, banca trebuie s\u0103 minimizeze pierderea de timp \u0219i de date. Cu toate acestea, aplica\u021bia de urm\u0103rire a timpului angaja\u021bilor b\u0103ncii este, cel mai probabil, mai pu\u021bin important\u0103. \u00cen cazul unui dezastru, banca ar putea permite ca aceast\u0103 cerere s\u0103 fie redus\u0103 pentru c\u00e2teva ore sau chiar o zi, f\u0103r\u0103 a avea un impact negativ major asupra afacerii.<\/p>\n<p>Definirea volumului de lucru pe diferite niveluri poate ajuta la furnizarea unui cadru pentru planul\u00a0 de recuperare \u00een caz de dezastru.<\/p>\n<p>[\/et_pb_text][\/et_pb_column][et_pb_column type=&#8221;1_4&#8243; _builder_version=&#8221;4.27.4&#8243; _module_preset=&#8221;default&#8221; custom_css_main_element=&#8221;margin:auto;&#8221; global_colors_info=&#8221;{}&#8221;][et_pb_code _builder_version=&#8221;4.27.4&#8243; _module_preset=&#8221;default&#8221; text_orientation=&#8221;center&#8221; global_colors_info=&#8221;{}&#8221;]<svg fill=\"#999999\" version=\"1.1\" id=\"Layer_1\" xmlns=\"http:\/\/www.w3.org\/2000\/svg\" xmlns:xlink=\"http:\/\/www.w3.org\/1999\/xlink\" viewBox=\"0 0 32 32\" xml:space=\"preserve\" width=\"160px\" height=\"160px\"><g> <path id=\"cloud-storage\" d=\"M29.8,31.36h-5.6c-0.309,0-0.561-0.252-0.561-0.561v-4.4c0-0.309,0.252-0.561,0.561-0.561h1.7 c0.176,0,0.343,0.084,0.448,0.226l0.239,0.375H29.8c0.309,0,0.561,0.252,0.561,0.561v3.8C30.36,31.108,30.108,31.36,29.8,31.36z M24.36,30.64h5.279v-3.48H26.5c-0.174,0-0.34-0.083-0.446-0.222l-0.242-0.379H24.36V30.64z M18.8,31.36h-5.6 c-0.309,0-0.56-0.252-0.56-0.561v-4.4c0-0.309,0.251-0.561,0.56-0.561h1.7c0.175,0,0.342,0.084,0.447,0.224l0.241,0.377H18.8 c0.309,0,0.561,0.252,0.561,0.561v3.8C19.36,31.108,19.108,31.36,18.8,31.36z M13.36,30.64h5.28v-3.48H15.5 c-0.173,0-0.34-0.083-0.446-0.222l-0.242-0.379H13.36V30.64z M7.8,31.36H2.2c-0.309,0-0.56-0.252-0.56-0.561v-4.4 c0-0.309,0.251-0.561,0.56-0.561h1.7c0.175,0,0.342,0.084,0.447,0.224l0.241,0.377H7.8c0.309,0,0.56,0.252,0.56,0.561v3.8 C8.36,31.108,8.109,31.36,7.8,31.36z M2.36,30.64h5.28v-3.48H4.5c-0.173,0-0.34-0.083-0.446-0.222L3.812,26.56H2.36V30.64z M28.917,28.36H28v-0.72h0.917V28.36z M17.917,28.36H17v-0.72h0.917V28.36z M6.917,28.36H6v-0.72h0.917V28.36z M27.36,25h-0.72 v-4.14h-8.814c-0.146,0.737-0.728,1.319-1.465,1.465V25h-0.72v-2.675c-0.738-0.146-1.32-0.728-1.465-1.465H5.36V25H4.64v-4.5 c0-0.199,0.161-0.36,0.36-0.36h9.175c0.146-0.737,0.728-1.319,1.465-1.465V17.36H9c-0.199,0-0.36-0.161-0.36-0.36V9 c0-0.199,0.161-0.36,0.36-0.36h0.031C8.786,8.325,8.64,7.929,8.64,7.5c0-0.904,0.648-1.66,1.505-1.826 C10.142,5.616,10.14,5.558,10.14,5.5c0-1.577,1.283-2.86,2.86-2.86c0.296,0,0.59,0.048,0.877,0.145 C14.373,1.503,15.604,0.64,17,0.64c1.379,0,2.608,0.855,3.111,2.123C20.402,2.681,20.7,2.64,21,2.64c1.853,0,3.36,1.507,3.36,3.36 c0,1.07-0.503,2.024-1.284,2.64H24c0.199,0,0.36,0.161,0.36,0.36v8c0,0.199-0.161,0.36-0.36,0.36h-7.64v1.314 c0.738,0.146,1.32,0.728,1.465,1.465H27c0.199,0,0.36,0.161,0.36,0.36V25z M16,19.36c-0.628,0-1.14,0.511-1.14,1.14 s0.512,1.14,1.14,1.14s1.14-0.511,1.14-1.14S16.628,19.36,16,19.36z M9.36,16.64h14.28v-3.28H9.36V16.64z M9.36,12.64h14.28V9.36 H9.36V12.64z M10.5,8.64H21c1.456,0,2.64-1.185,2.64-2.64S22.456,3.36,21,3.36c-0.332,0-0.662,0.065-0.98,0.194 c-0.094,0.037-0.203,0.034-0.295-0.012s-0.16-0.129-0.188-0.228C19.226,2.164,18.183,1.36,17,1.36c-1.204,0-2.252,0.82-2.55,1.994 c-0.027,0.105-0.1,0.193-0.198,0.238c-0.098,0.046-0.212,0.045-0.31-0.004C13.635,3.437,13.318,3.36,13,3.36 c-1.18,0-2.14,0.96-2.14,2.14c0,0.146,0.015,0.292,0.044,0.432c0.022,0.107-0.006,0.22-0.077,0.304s-0.197,0.125-0.286,0.128 c-0.003,0-0.006,0-0.009,0c-0.666,0-1.172,0.51-1.172,1.135C9.36,8.128,9.872,8.64,10.5,8.64z M22,15.36h-1.917v-0.72H22V15.36z M17,15.36h-6v-0.72h6V15.36z M22,11.36h-1.917v-0.72H22V11.36z M17,11.36h-6v-0.72h6V11.36z\"><\/path> <rect id=\"_Transparent_Rectangle\" style=\"fill:none;\" width=\"32\" height=\"32\"><\/rect> <\/g><\/svg>[\/et_pb_code][\/et_pb_column][\/et_pb_row][et_pb_row column_structure=&#8221;1_2,1_2&#8243; _builder_version=&#8221;4.16&#8243; global_colors_info=&#8221;{}&#8221;][et_pb_column type=&#8221;1_2&#8243; _builder_version=&#8221;4.16&#8243; global_colors_info=&#8221;{}&#8221;][et_pb_toggle title=&#8221;RTO \u2013 Recovery Time Objective&#8221; icon_color=&#8221;#3388FF&#8221; toggle_icon=&#8221;&#xe078;||divi||400&#8243; open_icon_color=&#8221;#0047AB&#8221; open_toggle_icon=&#8221;&#xe012;||divi||400&#8243; _builder_version=&#8221;4.27.4&#8243; _module_preset=&#8221;default&#8221; closed_title_font=&#8221;|600|||||||&#8221; closed_title_line_height=&#8221;1.5em&#8221; body_line_height=&#8221;1.5em&#8221; hover_enabled=&#8221;0&#8243; global_colors_info=&#8221;{}&#8221; text_orientation=&#8221;justified&#8221; sticky_enabled=&#8221;0&#8243;]<\/p>\n<p>Obiectivul timpului de recuperare (RTO) este perioada de timp necesar\u0103 pentru a recupera opera\u021biunile normale de afaceri dup\u0103 o \u00eentrerupere. \u00cen acest sens, trebuie s\u0103 iei \u00een considerare c\u00e2t timp e\u0219ti dispus(\u0103) s\u0103 pierzi \u0219i impactul pe care \u00eel va avea acest timp asupra afacerii. RTO poate varia de la un tip de afaceri la altul. De exemplu, dac\u0103 o bibliotec\u0103 public\u0103 \u00ee\u0219i pierde sistemul de catalog, poate continua s\u0103 func\u021bioneze manual timp de c\u00e2teva zile, \u00een timp ce sistemele sunt restaurate. Dar dac\u0103 un retailer online \u00ee\u0219i pierde sistemul de inventar sau \u00eencasarea pla\u021bilor online de exemplu, chiar \u0219i pentru 10 minute de \u00eentrerupere, pierderea asociat\u0103 a veniturilor \u0219i disconfortul creat clien\u021bilor ar fi cel mai probabil inacceptabile.<\/p>\n<p>[\/et_pb_toggle][\/et_pb_column][et_pb_column type=&#8221;1_2&#8243; _builder_version=&#8221;4.16&#8243; global_colors_info=&#8221;{}&#8221;][et_pb_toggle title=&#8221;RPO \u2013 Recovery Point Objective&#8221; icon_color=&#8221;#3388FF&#8221; toggle_icon=&#8221;&#xe078;||divi||400&#8243; open_icon_color=&#8221;#0047AB&#8221; open_toggle_icon=&#8221;&#xe012;||divi||400&#8243; _builder_version=&#8221;4.27.4&#8243; _module_preset=&#8221;default&#8221; closed_title_font=&#8221;|600|||||||&#8221; closed_title_line_height=&#8221;1.5em&#8221; body_line_height=&#8221;1.5em&#8221; hover_enabled=&#8221;0&#8243; global_colors_info=&#8221;{}&#8221; text_orientation=&#8221;justified&#8221; sticky_enabled=&#8221;0&#8243;]<\/p>\n<p>Obiectivul punctului de recuperare (RPO) se refer\u0103 la volumul de date pe care \u00ee\u021bi po\u021bi permite s\u0103 \u00eel pierzi \u00een cazul unui dezastru. Copierea datelor \u00eentr-un centru de date la distan\u021b\u0103, Cloud, etc, de exemplu, ajut\u0103 astfel \u00eenc\u00e2t o \u00eentrerupere s\u0103 nu conduc\u0103 la pierderi de date. Sau po\u021bi decide c\u0103 pierderea a cinci minute, o or\u0103 sau chiar o zi de date introduse in sistem ar fi acceptabil\u0103. Se poate privi diferen\u021biat pe p\u0103r\u021bi din structura totala a datelor pe care le de\u021bii \u0219i pentru care po\u021bi seta obiective \u00een func\u021bie de importan\u021ba acestora.<\/p>\n<p>[\/et_pb_toggle][\/et_pb_column][\/et_pb_row][\/et_pb_section][et_pb_section fb_built=&#8221;1&#8243; _builder_version=&#8221;4.27.4&#8243; _module_preset=&#8221;default&#8221; background_enable_color=&#8221;off&#8221; use_background_color_gradient=&#8221;on&#8221; background_color_gradient_stops=&#8221;#f0efef 0%|#dcdcdc 100%&#8221; custom_margin=&#8221;||0px||false|false&#8221; custom_padding=&#8221;5vh||2vh||false|false&#8221; global_module=&#8221;2246&#8243; saved_tabs=&#8221;all&#8221; global_colors_info=&#8221;{}&#8221;][et_pb_row use_custom_gutter=&#8221;on&#8221; gutter_width=&#8221;1&#8243; make_equal=&#8221;on&#8221; _builder_version=&#8221;4.27.4&#8243; _module_preset=&#8221;default&#8221; global_colors_info=&#8221;{}&#8221;][et_pb_column type=&#8221;4_4&#8243; _builder_version=&#8221;4.27.4&#8243; _module_preset=&#8221;default&#8221; global_colors_info=&#8221;{}&#8221;][et_pb_text _builder_version=&#8221;4.27.4&#8243; _module_preset=&#8221;default&#8221; text_text_color=&#8221;#666666&#8243; text_font_size=&#8221;12px&#8221; text_line_height=&#8221;1.5em&#8221; custom_padding=&#8221;1.5rem|||1rem|false|false&#8221; custom_css_main_element=&#8221;float:right;&#8221; global_colors_info=&#8221;{}&#8221;]<\/p>\n<p>Creat \u0219i g\u0103zduit de<\/p>\n<p><span style=\"font-size: 18px; color: #444444;\">ESQ by ESQUARE<\/span><br \/>simple hosting solutions<\/p>\n<p>[\/et_pb_text][et_pb_text _builder_version=&#8221;4.27.4&#8243; _module_preset=&#8221;default&#8221; text_font_size=&#8221;14px&#8221; text_line_height=&#8221;1.5em&#8221; header_4_line_height=&#8221;1.25em&#8221; global_colors_info=&#8221;{}&#8221;]<\/p>\n<p><img loading=\"lazy\" decoding=\"async\" src=\"https:\/\/esquare.ro\/site\/wp-content\/uploads\/esq-grey.png\" width=\"120\" height=\"100\" alt=\"\" class=\"wp-image-1357 alignleft size-full\" \/><\/p>\n<h4 style=\"padding-top: 0.25em;\">ESQUARE SYSTEMS<\/h4>\n<p>Str. Matei Basarab Nr. 85, Bl. L119bis, Sc. A, Ap. 1, Parter, Sector 3, Bucure\u0219ti<br \/>(+4) <strong>031 420 4430<\/strong>\u2003|\u2003esquare<svg width=\"18px\" height=\"16px\" style=\"margin-bottom: -4px;\" viewbox=\"0 0 24 24\" xmlns=\"http:\/\/www.w3.org\/2000\/svg\" fill=\"none\"> <path stroke=\"#444444\" stroke-linecap=\"round\" stroke-linejoin=\"round\" stroke-width=\"2\" d=\"M16 20.064A9 9 0 1 1 21 12v1.5a2.5 2.5 0 0 1-5 0V8m0 4a4 4 0 1 1-8 0 4 4 0 0 1 8 0Z\"><\/path><\/svg>esquare.ro<\/p>\n<p>[\/et_pb_text][\/et_pb_column][\/et_pb_row][\/et_pb_section]<\/p>\n","protected":false},"excerpt":{"rendered":"<p>Backup On-site \/ Off-site, Solu\u021bii DRSunt datele tale \u00een siguran\u021b\u0103? Ce se \u00eent\u00e2mpl\u0103 cu datele organiza\u021biei tale \u00een caz de distrugere par\u021bial\u0103 sau total\u0103, accidental\u0103 sau inten\u021bionat\u0103? Sunt datele tale securizate \u0219i stocate \u00een siguran\u021b\u0103? Este critic sa asiguri at\u00e2t salvarea local\u0103, c\u00e2t \u0219i recuperarea \u00een caz de dezastru a datelor pre-salvate \u00een structuri securizate, [&hellip;]<\/p>\n","protected":false},"author":1,"featured_media":0,"parent":67,"menu_order":5,"comment_status":"closed","ping_status":"closed","template":"","meta":{"_et_pb_use_builder":"on","_et_pb_old_content":"","_et_gb_content_width":"","footnotes":""},"class_list":["post-1634","page","type-page","status-publish","hentry"],"_links":{"self":[{"href":"https:\/\/esquare.ro\/site\/wp-json\/wp\/v2\/pages\/1634","targetHints":{"allow":["GET"]}}],"collection":[{"href":"https:\/\/esquare.ro\/site\/wp-json\/wp\/v2\/pages"}],"about":[{"href":"https:\/\/esquare.ro\/site\/wp-json\/wp\/v2\/types\/page"}],"author":[{"embeddable":true,"href":"https:\/\/esquare.ro\/site\/wp-json\/wp\/v2\/users\/1"}],"replies":[{"embeddable":true,"href":"https:\/\/esquare.ro\/site\/wp-json\/wp\/v2\/comments?post=1634"}],"version-history":[{"count":0,"href":"https:\/\/esquare.ro\/site\/wp-json\/wp\/v2\/pages\/1634\/revisions"}],"up":[{"embeddable":true,"href":"https:\/\/esquare.ro\/site\/wp-json\/wp\/v2\/pages\/67"}],"wp:attachment":[{"href":"https:\/\/esquare.ro\/site\/wp-json\/wp\/v2\/media?parent=1634"}],"curies":[{"name":"wp","href":"https:\/\/api.w.org\/{rel}","templated":true}]}}