{"id":1629,"date":"2019-07-23T13:56:50","date_gmt":"2019-07-23T13:56:50","guid":{"rendered":"https:\/\/esquare.ro\/site\/?page_id=1629"},"modified":"2025-11-12T22:56:07","modified_gmt":"2025-11-12T22:56:07","slug":"suport-online-de-la-distanta","status":"publish","type":"page","link":"https:\/\/esquare.ro\/site\/servicii-it\/suport-online-de-la-distanta\/","title":{"rendered":"Suport online de la distan\u021b\u0103"},"content":{"rendered":"<p>[et_pb_section fb_built=&#8221;1&#8243; _builder_version=&#8221;4.27.4&#8243; background_color=&#8221;#f0efef&#8221; global_colors_info=&#8221;{}&#8221;][et_pb_row _builder_version=&#8221;4.16&#8243; global_colors_info=&#8221;{}&#8221;][et_pb_column type=&#8221;4_4&#8243; _builder_version=&#8221;4.16&#8243; global_colors_info=&#8221;{}&#8221;][et_pb_text _builder_version=&#8221;4.16&#8243; text_text_align=&#8221;right&#8221; global_colors_info=&#8221;{}&#8221;]<\/p>\n<h1>Suport online de la distan\u021b\u0103<\/h1>\n<p>[\/et_pb_text][\/et_pb_column][\/et_pb_row][et_pb_row column_structure=&#8221;1_4,3_4&#8243; _builder_version=&#8221;4.27.4&#8243; custom_padding=&#8221;||0px||false|false&#8221; hover_enabled=&#8221;0&#8243; global_colors_info=&#8221;{}&#8221; make_equal=&#8221;on&#8221; sticky_enabled=&#8221;0&#8243;][et_pb_column type=&#8221;1_4&#8243; _builder_version=&#8221;4.27.4&#8243; hover_enabled=&#8221;0&#8243; global_colors_info=&#8221;{}&#8221; custom_css_main_element=&#8221;margin:auto;&#8221; sticky_enabled=&#8221;0&#8243;][et_pb_code _builder_version=&#8221;4.27.4&#8243; _module_preset=&#8221;default&#8221; text_orientation=&#8221;center&#8221; hover_enabled=&#8221;0&#8243; global_colors_info=&#8221;{}&#8221; sticky_enabled=&#8221;0&#8243;]<svg viewBox=\"0 0 24 24\" fill=\"none\" xmlns=\"http:\/\/www.w3.org\/2000\/svg\" width=\"160\" height=\"160\"><g><path d=\"M7 4L11 9L7 14\" stroke=\"#0047ab\"><\/path> <path d=\"M17 10L13 15L17 20\" stroke=\"#aaaaaa\"><\/path> <\/g><\/svg>  [\/et_pb_code][\/et_pb_column][et_pb_column type=&#8221;3_4&#8243; _builder_version=&#8221;4.16&#8243; global_colors_info=&#8221;{}&#8221;][et_pb_text _builder_version=&#8221;4.27.4&#8243; _module_preset=&#8221;default&#8221; text_line_height=&#8221;1.5em&#8221; text_orientation=&#8221;justified&#8221; global_colors_info=&#8221;{}&#8221;]<\/p>\n<p>Serviciile de asisten\u021b\u0103 online de la distan\u021b\u0103 scurteaz\u0103 foarte mult timpul de interven\u021bie \u0219i rezolvarea unei probleme de func\u021bionalitate IT. Echipa noastr\u0103 este foarte preocupat\u0103 ca timpii de r\u0103spuns \u0219i rezolvare s\u0103 fie c\u00e2t mai mici \u00een cadrul contractelor de mentenan\u021b\u0103 IT.<\/p>\n<p>Serviciile din aceast\u0103 categorie includ at\u00e2t asisten\u021b\u0103 direct\u0103 pentru utilizatori, cu software de tip Remote Desktop, c\u00e2t \u0219i servicii de operare \u0219i \u00eentre\u021binere a infrastructurii IT software de la distan\u021b\u0103 (mentenan\u021b\u0103 servere, routere \u0219i alte active de re\u021bea, actualiz\u0103ri software, securitate informatic\u0103, etc.), cu acces securizat (VPN).<\/p>\n<p>[\/et_pb_text][\/et_pb_column][\/et_pb_row][et_pb_row _builder_version=&#8221;4.27.4&#8243; _module_preset=&#8221;default&#8221; global_colors_info=&#8221;{}&#8221;][et_pb_column type=&#8221;4_4&#8243; _builder_version=&#8221;4.19.5&#8243; _module_preset=&#8221;default&#8221; global_colors_info=&#8221;{}&#8221;][et_pb_text _builder_version=&#8221;4.27.4&#8243; _module_preset=&#8221;default&#8221; text_orientation=&#8221;justified&#8221; global_colors_info=&#8221;{}&#8221;]<\/p>\n<p>Suportul nostru IT de la distan\u021b\u0103 este conceput pentru a rezolva problemele tehnice pe care le \u00eent\u00e2mpin\u0103 echipa ta, indiferent de loca\u021bia acesteia, prin Internet. <span>Investig\u0103m \u0219i rezolv\u0103m problemele IT cu serverele, dispozitivele de stocare, echipamentele active de re\u021bea, sta\u021biile de lucru, \u00a0dispozitivele mobile, aplica\u021biile cheie, sau mai simplu spus, cu intreaga infrastructur\u0103 IT, hardware \u0219i software.<\/span><span data-contrast=\"none\"><\/span><span data-contrast=\"none\"><\/span><span data-contrast=\"none\"><\/span><span data-contrast=\"none\"><\/span><span>\u00a0<\/span><\/p>\n<p><span>Lu\u0103m m\u0103surile necesare pentru a ne asigura c\u0103 accesul \u00een re\u021beaua companiei tale este sigur\u0103 \u0219i nu las\u0103 datele cheie \u0219i sistemul vulnerabile.<\/span><\/p>\n<p><span>Fiecare situa\u021bie \u00een parte este \u00eenregistrat\u0103 \u00een sistemul nostru de ticketing pentru o raportare \u0219i evaluare ulterioar\u0103. <\/span>\u00cen func\u021bie de \u00een\u021belegerile contractuale, \u00eentocmim un tablou complet, cu date tehnice de structur\u0103 \u0219i func\u021bionalitate hardware \u0219i software \u00een cadrul aplica\u021biei de tip IT Service Manager (ITSM) pe care o utiliz\u0103m, av\u00e2nd \u00een orice moment o imagine de ansamblu a infrastructurii pe care o gestion\u0103m. Aceast\u0103 abordare ne permite s\u0103 fim promp\u021bi \u0219i mai ales eficien\u021bi \u00een serviciile pe care le oferim.<\/p>\n<p>[\/et_pb_text][\/et_pb_column][\/et_pb_row][et_pb_row column_structure=&#8221;3_4,1_4&#8243; _builder_version=&#8221;4.27.4&#8243; _module_preset=&#8221;default&#8221; hover_enabled=&#8221;0&#8243; global_colors_info=&#8221;{}&#8221; make_equal=&#8221;on&#8221; sticky_enabled=&#8221;0&#8243;][et_pb_column type=&#8221;3_4&#8243; _builder_version=&#8221;4.27.4&#8243; _module_preset=&#8221;default&#8221; global_colors_info=&#8221;{}&#8221;][et_pb_text _builder_version=&#8221;4.27.4&#8243; _module_preset=&#8221;default&#8221; text_line_height=&#8221;1.5em&#8221; text_orientation=&#8221;justified&#8221; global_colors_info=&#8221;{}&#8221;]<\/p>\n<h2>Beneficii ale asisten\u021bei IT de la distan\u021b\u0103<\/h2>\n<p>&nbsp;<\/p>\n<p><span style=\"font-size: 2em; color: #0047ab;\">\u2713<\/span> <strong>Reduci costurile opera\u021bionale<\/strong><br \/>ai acces de la distan\u021b\u0103 la o echip\u0103 de asisten\u021b\u0103 de top pentru o frac\u021biune din costurile cu personalul (salarii, costuri opera\u021bionale, training)<\/p>\n<p><span style=\"font-size: 2em; color: #0047ab;\">\u2713<\/span> <strong> Timp de r\u0103spuns \u0219i rezolvare rapide<\/strong><br \/>asisten\u021b\u0103 la cerere \u0219i \u00een timp real, pentru asigurarea timpului de func\u021bionare \u0219i a fluxurilor de lucru ne\u00eentrerupte<\/p>\n<p><span style=\"font-size: 2em; color: #0047ab;\">\u2713<\/span> <strong>Productivitate \u00eembun\u0103t\u0103\u021bit\u0103<\/strong><br \/>utilizatorii finali se pot concentra pe sarcinile individuale \u0219i pe obiectivele generale de afaceri f\u0103r\u0103 \u00eentreruperi<\/p>\n<p><span style=\"font-size: 2em; color: #0047ab;\">\u2713<\/span> <strong>R\u0103m\u00e2i concentrat pe afacere<\/strong><br \/>utilizatorii finali se pot concentra asupra obiectivelor lor f\u0103r\u0103 s\u0103 piard\u0103 timpul a\u0219tept\u00e2nd un tehnician s\u0103 ajung\u0103 \u00een loca\u021bie sau \u00eencerc\u00e2nd s\u0103 rezolve singur problemele tehnice.\u00a0<\/p>\n<p>[\/et_pb_text][\/et_pb_column][et_pb_column type=&#8221;1_4&#8243; _builder_version=&#8221;4.27.4&#8243; _module_preset=&#8221;default&#8221; hover_enabled=&#8221;0&#8243; global_colors_info=&#8221;{}&#8221; custom_css_main_element=&#8221;margin:auto;&#8221; sticky_enabled=&#8221;0&#8243;][et_pb_code _builder_version=&#8221;4.27.4&#8243; _module_preset=&#8221;default&#8221; text_orientation=&#8221;center&#8221; custom_margin_tablet=&#8221;2vh||||false|false&#8221; custom_margin_phone=&#8221;2vh||||false|false&#8221; custom_margin_last_edited=&#8221;off|desktop&#8221; hover_enabled=&#8221;0&#8243; global_colors_info=&#8221;{}&#8221; sticky_enabled=&#8221;0&#8243;]<svg viewBox=\"0 0 1024 1024\" class=\"icon\" version=\"1.1\" xmlns=\"http:\/\/www.w3.org\/2000\/svg\" width=\"160\" height=\"160\"><g><!-- [et_pb_line_break_holder] --> <path d=\"M928.1 881v44H95.9V99h44v782z\" fill=\"#999999\"><\/path><path d=\"M352 435.7v403.4H204V435.7h148m22-22H182v447.4h192V413.7zM608 307.9v531.2H460V307.9h148m22-22H438v575.2h192V285.9z\" fill=\"#bbbbbb\"><\/path><!-- [et_pb_line_break_holder] -->  <path d=\"M866.1 177.3v663.9H714V177.3h152.1m20-20H694v703.9h192V157.3h0.1z\" fill=\"#0047ab\"><\/path><\/g><\/svg>[\/et_pb_code][\/et_pb_column][\/et_pb_row][\/et_pb_section][et_pb_section fb_built=&#8221;1&#8243; _builder_version=&#8221;4.27.4&#8243; _module_preset=&#8221;default&#8221; background_enable_color=&#8221;off&#8221; use_background_color_gradient=&#8221;on&#8221; background_color_gradient_stops=&#8221;#f0efef 0%|#dcdcdc 100%&#8221; custom_margin=&#8221;||0px||false|false&#8221; custom_padding=&#8221;5vh||2vh||false|false&#8221; global_module=&#8221;2246&#8243; saved_tabs=&#8221;all&#8221; global_colors_info=&#8221;{}&#8221;][et_pb_row use_custom_gutter=&#8221;on&#8221; gutter_width=&#8221;1&#8243; make_equal=&#8221;on&#8221; _builder_version=&#8221;4.27.4&#8243; _module_preset=&#8221;default&#8221; global_colors_info=&#8221;{}&#8221;][et_pb_column type=&#8221;4_4&#8243; _builder_version=&#8221;4.27.4&#8243; _module_preset=&#8221;default&#8221; global_colors_info=&#8221;{}&#8221;][et_pb_text _builder_version=&#8221;4.27.4&#8243; _module_preset=&#8221;default&#8221; text_text_color=&#8221;#666666&#8243; text_font_size=&#8221;12px&#8221; text_line_height=&#8221;1.5em&#8221; custom_padding=&#8221;1.5rem|||1rem|false|false&#8221; custom_css_main_element=&#8221;float:right;&#8221; global_colors_info=&#8221;{}&#8221;]<\/p>\n<p>Creat \u0219i g\u0103zduit de<\/p>\n<p><span style=\"font-size: 18px; color: #444444;\">ESQ by ESQUARE<\/span><br \/>simple hosting solutions<\/p>\n<p>[\/et_pb_text][et_pb_text _builder_version=&#8221;4.27.4&#8243; _module_preset=&#8221;default&#8221; text_font_size=&#8221;14px&#8221; text_line_height=&#8221;1.5em&#8221; header_4_line_height=&#8221;1.25em&#8221; global_colors_info=&#8221;{}&#8221;]<\/p>\n<p><img loading=\"lazy\" decoding=\"async\" src=\"https:\/\/esquare.ro\/site\/wp-content\/uploads\/esq-grey.png\" width=\"120\" height=\"100\" alt=\"\" class=\"wp-image-1357 alignleft size-full\" \/><\/p>\n<h4 style=\"padding-top: 0.25em;\">ESQUARE SYSTEMS<\/h4>\n<p>Str. Matei Basarab Nr. 85, Bl. L119bis, Sc. A, Ap. 1, Parter, Sector 3, Bucure\u0219ti<br \/>(+4) <strong>031 420 4430<\/strong>\u2003|\u2003esquare<svg width=\"18px\" height=\"16px\" style=\"margin-bottom: -4px;\" viewbox=\"0 0 24 24\" xmlns=\"http:\/\/www.w3.org\/2000\/svg\" fill=\"none\"> <path stroke=\"#444444\" stroke-linecap=\"round\" stroke-linejoin=\"round\" stroke-width=\"2\" d=\"M16 20.064A9 9 0 1 1 21 12v1.5a2.5 2.5 0 0 1-5 0V8m0 4a4 4 0 1 1-8 0 4 4 0 0 1 8 0Z\"><\/path><\/svg>esquare.ro<\/p>\n<p>[\/et_pb_text][\/et_pb_column][\/et_pb_row][\/et_pb_section]<\/p>\n","protected":false},"excerpt":{"rendered":"<p>Suport online de la distan\u021b\u0103Serviciile de asisten\u021b\u0103 online de la distan\u021b\u0103 scurteaz\u0103 foarte mult timpul de interven\u021bie \u0219i rezolvarea unei probleme de func\u021bionalitate IT. Echipa noastr\u0103 este foarte preocupat\u0103 ca timpii de r\u0103spuns \u0219i rezolvare s\u0103 fie c\u00e2t mai mici \u00een cadrul contractelor de mentenan\u021b\u0103 IT. Serviciile din aceast\u0103 categorie includ at\u00e2t asisten\u021b\u0103 direct\u0103 pentru [&hellip;]<\/p>\n","protected":false},"author":1,"featured_media":0,"parent":67,"menu_order":4,"comment_status":"closed","ping_status":"closed","template":"","meta":{"_et_pb_use_builder":"on","_et_pb_old_content":"","_et_gb_content_width":"","footnotes":""},"class_list":["post-1629","page","type-page","status-publish","hentry"],"_links":{"self":[{"href":"https:\/\/esquare.ro\/site\/wp-json\/wp\/v2\/pages\/1629","targetHints":{"allow":["GET"]}}],"collection":[{"href":"https:\/\/esquare.ro\/site\/wp-json\/wp\/v2\/pages"}],"about":[{"href":"https:\/\/esquare.ro\/site\/wp-json\/wp\/v2\/types\/page"}],"author":[{"embeddable":true,"href":"https:\/\/esquare.ro\/site\/wp-json\/wp\/v2\/users\/1"}],"replies":[{"embeddable":true,"href":"https:\/\/esquare.ro\/site\/wp-json\/wp\/v2\/comments?post=1629"}],"version-history":[{"count":0,"href":"https:\/\/esquare.ro\/site\/wp-json\/wp\/v2\/pages\/1629\/revisions"}],"up":[{"embeddable":true,"href":"https:\/\/esquare.ro\/site\/wp-json\/wp\/v2\/pages\/67"}],"wp:attachment":[{"href":"https:\/\/esquare.ro\/site\/wp-json\/wp\/v2\/media?parent=1629"}],"curies":[{"name":"wp","href":"https:\/\/api.w.org\/{rel}","templated":true}]}}