{"id":1624,"date":"2019-07-23T13:51:39","date_gmt":"2019-07-23T13:51:39","guid":{"rendered":"https:\/\/esquare.ro\/site\/?page_id=1624"},"modified":"2025-11-12T23:02:30","modified_gmt":"2025-11-12T23:02:30","slug":"management-si-monitorizare","status":"publish","type":"page","link":"https:\/\/esquare.ro\/site\/servicii-it\/management-si-monitorizare\/","title":{"rendered":"Management \u0219i Monitorizare"},"content":{"rendered":"<p>[et_pb_section fb_built=&#8221;1&#8243; _builder_version=&#8221;4.27.4&#8243; background_color=&#8221;#f0efef&#8221; global_colors_info=&#8221;{}&#8221;][et_pb_row _builder_version=&#8221;4.16&#8243; global_colors_info=&#8221;{}&#8221;][et_pb_column type=&#8221;4_4&#8243; _builder_version=&#8221;4.16&#8243; global_colors_info=&#8221;{}&#8221;][et_pb_text _builder_version=&#8221;4.16&#8243; text_text_align=&#8221;right&#8221; global_colors_info=&#8221;{}&#8221;]<\/p>\n<h1>Management \u0219i Monitorizare<\/h1>\n<p>[\/et_pb_text][\/et_pb_column][\/et_pb_row][et_pb_row column_structure=&#8221;1_4,3_4&#8243; _builder_version=&#8221;4.27.4&#8243; max_width=&#8221;1440px&#8221; custom_padding=&#8221;||5vh||false|false&#8221; hover_enabled=&#8221;0&#8243; global_colors_info=&#8221;{}&#8221; make_equal=&#8221;on&#8221; sticky_enabled=&#8221;0&#8243;][et_pb_column type=&#8221;1_4&#8243; _builder_version=&#8221;4.27.4&#8243; hover_enabled=&#8221;0&#8243; global_colors_info=&#8221;{}&#8221; custom_css_main_element=&#8221;margin:auto;&#8221; sticky_enabled=&#8221;0&#8243;][et_pb_code _builder_version=&#8221;4.27.4&#8243; _module_preset=&#8221;default&#8221; text_orientation=&#8221;center&#8221; hover_enabled=&#8221;0&#8243; global_colors_info=&#8221;{}&#8221; sticky_enabled=&#8221;0&#8243;]<svg xmlns=\"http:\/\/www.w3.org\/2000\/svg\" width=\"160\" height=\"160\" viewBox=\"0 0 32 32\"><title>IT management<\/title><path fill=\"#666666\" d=\"M12.7 8.469h1.669c0.231 0 0.419-0.188 0.419-0.419s-0.188-0.419-0.419-0.419h-1.669c-0.231 0-0.419 0.188-0.419 0.419s0.188 0.419 0.419 0.419z\"><\/path><path fill=\"#666666\" d=\"M17.694 8.469h1.669c0.231 0 0.419-0.188 0.419-0.419s-0.188-0.419-0.419-0.419h-1.669c-0.231 0-0.419 0.188-0.419 0.419s0.188 0.419 0.419 0.419z\"><\/path><path fill=\"#aaaaaa\" d=\"M16.031 14.363c3.906 0 7.087-3.181 7.087-7.088 0-2.125-0.944-4.037-2.431-5.338-0.044-0.069-0.113-0.125-0.188-0.156-1.219-0.994-2.775-1.594-4.469-1.594-3.906 0-7.088 3.181-7.088 7.088s3.181 7.088 7.088 7.088zM16.031 1.019c1.219 0 2.356 0.35 3.313 0.956l-8.675 2.081c1.094-1.819 3.088-3.038 5.363-3.038zM10.194 5.031l10.012-2.406c1.275 1.144 2.075 2.806 2.075 4.65 0 3.45-2.806 6.25-6.25 6.25-3.45 0-6.25-2.806-6.25-6.25 0-0.794 0.144-1.55 0.412-2.244z\"><\/path><path fill=\"#666666\" d=\"M7.906 22.131c0.013 0 0.031 0 0.044 0h16.212c0.231 0 0.419-0.188 0.419-0.419v-2.956c0-1.863-1.512-3.375-3.375-3.375h-10.344c-1.863 0-3.375 1.512-3.375 3.375v2.962c0 0.231 0.188 0.413 0.419 0.413zM8.319 18.756c0-1.4 1.137-2.544 2.544-2.544h4.75v2.919c0 0.231 0.188 0.419 0.419 0.419s0.419-0.188 0.419-0.419v-2.919h4.75c1.4 0 2.544 1.137 2.544 2.544v2.544h-15.425v-2.544z\"><\/path><path id=\"svg-ico\" fill=\"#0047AB\" d=\"M7.981 23.825l-4.944 4.944c-0.25-0.144-0.538-0.231-0.844-0.231-0.919 0-1.669 0.75-1.669 1.669s0.75 1.669 1.669 1.669c0.919 0 1.669-0.75 1.669-1.669 0-0.306-0.087-0.6-0.231-0.844l4.944-4.944c0.162-0.163 0.162-0.425 0-0.587-0.162-0.169-0.431-0.169-0.594-0.006zM2.194 31.044c-0.462 0-0.831-0.375-0.831-0.837 0-0.456 0.375-0.831 0.831-0.831 0.462 0 0.831 0.375 0.831 0.831 0 0.462-0.375 0.837-0.831 0.837z\"><\/path><path id=\"svg-ico\" fill=\"#0047AB\" d=\"M29.794 28.538c-0.319 0-0.613 0.087-0.863 0.238l-5.056-4.95c-0.163-0.163-0.425-0.156-0.587 0.006s-0.156 0.431 0.006 0.587l5.044 4.944c-0.15 0.25-0.231 0.538-0.231 0.844 0 0.919 0.756 1.669 1.694 1.669 0.931 0 1.694-0.75 1.694-1.669-0.006-0.919-0.769-1.669-1.7-1.669zM29.794 31.044c-0.475 0-0.856-0.375-0.856-0.837 0-0.456 0.387-0.831 0.856-0.831 0.475 0 0.863 0.375 0.863 0.831-0.006 0.462-0.394 0.837-0.863 0.837z\"><\/path><path id=\"svg-ico\" fill=\"#0047AB\" d=\"M16.45 28.6v-4.656c0-0.231-0.188-0.419-0.419-0.419s-0.419 0.188-0.419 0.419v4.65c-0.725 0.181-1.269 0.837-1.269 1.619 0 0.919 0.75 1.669 1.669 1.669s1.669-0.75 1.669-1.669c0-0.775-0.525-1.425-1.231-1.613zM16.012 31.044c-0.463 0-0.831-0.375-0.831-0.837 0-0.456 0.375-0.831 0.831-0.831 0.462 0 0.831 0.375 0.831 0.831 0.006 0.462-0.369 0.837-0.831 0.837z\"><\/path><\/svg>[\/et_pb_code][\/et_pb_column][et_pb_column type=&#8221;3_4&#8243; _builder_version=&#8221;4.16&#8243; global_colors_info=&#8221;{}&#8221;][et_pb_text _builder_version=&#8221;4.27.4&#8243; text_font_size=&#8221;18px&#8221; text_line_height=&#8221;1.5em&#8221; header_font=&#8221;||||||||&#8221; header_font_size=&#8221;2em&#8221; header_line_height=&#8221;1.6em&#8221; text_orientation=&#8221;justified&#8221; custom_margin=&#8221;||||false|false&#8221; global_colors_info=&#8221;{}&#8221;]<\/p>\n<h1>Management IT<\/h1>\n<p>Serviciile gestionate extern (IT Outsourcing) permit unei organiza\u021bii s\u0103 func\u021bioneze cu mai pu\u021bine sarcini opera\u021bionale, s\u0103 \u00eembun\u0103t\u0103\u021beasc\u0103 nivelul serviciilor \u0219i s\u0103 se concentreze asupra activit\u0103\u021bilor de afaceri de nivel superior, necesare pentru a-\u0219i construi propriul avantaj durabil pe pia\u021b\u0103.<\/p>\n<p>&nbsp;<\/p>\n<ul>\n<li>Actualiz\u0103ri software pentru server \u0219i sta\u021bii de lucru<\/li>\n<li>Patch-uri de securitate \u0219i optimizarea sistemului<\/li>\n<li>Probleme de coordonate cu Furnizorii Hardware \/ Software<\/li>\n<li style=\"font-size: 16px;\">Inventarul \u0219i gestionarea activelor<\/li>\n<li style=\"font-size: 16px;\">Managementul licen\u021belor software<\/li>\n<\/ul>\n<ul><\/ul>\n<p>[\/et_pb_text][\/et_pb_column][\/et_pb_row][et_pb_row column_structure=&#8221;3_4,1_4&#8243; _builder_version=&#8221;4.27.4&#8243; max_width=&#8221;1440px&#8221; hover_enabled=&#8221;0&#8243; global_colors_info=&#8221;{}&#8221; make_equal=&#8221;on&#8221; sticky_enabled=&#8221;0&#8243;][et_pb_column type=&#8221;3_4&#8243; _builder_version=&#8221;4.16&#8243; global_colors_info=&#8221;{}&#8221;][et_pb_text _builder_version=&#8221;4.19.5&#8243; text_font_size=&#8221;18px&#8221; text_line_height=&#8221;1.5em&#8221; custom_padding=&#8221;||0px|||&#8221; global_colors_info=&#8221;{}&#8221;]<\/p>\n<h1>Monitorizare Echipamente \u0219i Servicii<\/h1>\n<p>informa\u021bii critice, cuprinz\u0103toare, care genereaz\u0103 beneficii directe pentru afaceri<\/p>\n<p>&nbsp;<\/p>\n<ul>\n<li>Monitorizare servere, back-up Baze de Date \u0219i Date stocate<\/li>\n<li>Monitorizare echipamente de re\u021bea active<\/li>\n<li>Monitorizare antivirus \u0219i antimalware, filtrare Web<\/li>\n<li>Notific\u0103ri \u0219i alerte dup\u0103 orele de program<\/li>\n<li>Monitorizare \u0219i alertare temperatur\u0103 \u0219i umiditate \u00een camera serverelor<\/li>\n<\/ul>\n<p>[\/et_pb_text][\/et_pb_column][et_pb_column type=&#8221;1_4&#8243; _builder_version=&#8221;4.27.4&#8243; hover_enabled=&#8221;0&#8243; global_colors_info=&#8221;{}&#8221; custom_css_main_element=&#8221;margin:auto;&#8221; sticky_enabled=&#8221;0&#8243;][et_pb_code _builder_version=&#8221;4.27.4&#8243; _module_preset=&#8221;default&#8221; text_orientation=&#8221;center&#8221; hover_enabled=&#8221;0&#8243; global_colors_info=&#8221;{}&#8221; sticky_enabled=&#8221;0&#8243;]<svg xmlns=\"http:\/\/www.w3.org\/2000\/svg\" width=\"160\" height=\"160\" viewBox=\"0 0 32 32\"><title>monitoring<\/title><!-- [et_pb_line_break_holder] -->  <path id=\"svg-ico\" fill=\"#0047ab\" d=\"M24.681 17.744c-0.925 0-1.681 0.756-1.681 1.681 0 0.931 0.756 1.681 1.681 1.681s1.681-0.756 1.681-1.681c0-0.925-0.756-1.681-1.681-1.681zM24.681 20.269c-0.462 0-0.844-0.375-0.844-0.844 0-0.462 0.375-0.837 0.844-0.837s0.844 0.375 0.844 0.837c0 0.469-0.381 0.844-0.844 0.844z\"><\/path><!-- [et_pb_line_break_holder] -->  <path fill=\"#999999\" d=\"M29.544 13.537h-27.087c-1.113 0-2.019 0.838-2.019 1.863v8.050c0 1.025 0.906 1.863 2.025 1.863h27.081c1.113 0 2.019-0.837 2.019-1.863v-8.050c0-1.025-0.906-1.863-2.019-1.863zM30.719 23.45c0 0.563-0.531 1.025-1.181 1.025h-27.081c-0.65 0-1.181-0.456-1.181-1.025v-8.050c0-0.563 0.531-1.025 1.181-1.025h27.081c0.65 0 1.181 0.456 1.181 1.025v8.050z\"><\/path><!-- [et_pb_line_break_holder] -->  <path id=\"svg-ico\" fill=\"#0047ab\" d=\"M24.681 4.662c-0.925 0-1.681 0.756-1.681 1.681 0 0.931 0.756 1.681 1.681 1.681s1.681-0.756 1.681-1.681c0-0.931-0.756-1.681-1.681-1.681zM24.681 7.188c-0.462 0-0.844-0.381-0.844-0.844s0.375-0.838 0.844-0.838 0.844 0.375 0.844 0.838c0 0.463-0.381 0.844-0.844 0.844z\"><!-- [et_pb_line_break_holder] -->  <\/path><path fill=\"#bbbbbb\" d=\"M29.544 0.456h-27.087c-1.113 0-2.019 0.831-2.019 1.863v8.050c0 1.025 0.906 1.863 2.025 1.863h27.081c1.113 0 2.019-0.838 2.019-1.863v-8.050c0-1.031-0.906-1.863-2.019-1.863zM30.719 10.369c0 0.563-0.531 1.025-1.181 1.025h-27.081c-0.65 0-1.181-0.456-1.181-1.025v-8.050c0-0.563 0.531-1.025 1.181-1.025h27.081c0.65 0 1.181 0.456 1.181 1.025v8.050z\"><\/path><!-- [et_pb_line_break_holder] -->  <path fill=\"#444444\" d=\"M25.988 29.8h-8.356c-0.15-0.594-0.619-1.056-1.206-1.212v-1.875c0-0.231-0.188-0.419-0.419-0.419s-0.419 0.188-0.419 0.419v1.875c-0.588 0.15-1.056 0.619-1.206 1.212h-8.369c-0.231 0-0.419 0.188-0.419 0.419s0.188 0.419 0.419 0.419h8.356c0.188 0.725 0.85 1.262 1.631 1.262s1.444-0.538 1.631-1.262h8.356c0.231 0 0.419-0.188 0.419-0.419s-0.188-0.419-0.419-0.419zM16 31.063c-0.463 0-0.844-0.375-0.844-0.844 0-0.462 0.375-0.844 0.844-0.844 0.462 0 0.844 0.375 0.844 0.844-0.006 0.462-0.381 0.844-0.844 0.844z\"><\/path><\/svg> [\/et_pb_code][\/et_pb_column][\/et_pb_row][\/et_pb_section][et_pb_section fb_built=&#8221;1&#8243; _builder_version=&#8221;4.27.4&#8243; _module_preset=&#8221;default&#8221; background_enable_color=&#8221;off&#8221; use_background_color_gradient=&#8221;on&#8221; background_color_gradient_stops=&#8221;#f0efef 0%|#dcdcdc 100%&#8221; custom_margin=&#8221;||0px||false|false&#8221; custom_padding=&#8221;5vh||2vh||false|false&#8221; global_module=&#8221;2246&#8243; saved_tabs=&#8221;all&#8221; global_colors_info=&#8221;{}&#8221;][et_pb_row use_custom_gutter=&#8221;on&#8221; gutter_width=&#8221;1&#8243; make_equal=&#8221;on&#8221; _builder_version=&#8221;4.27.4&#8243; _module_preset=&#8221;default&#8221; global_colors_info=&#8221;{}&#8221;][et_pb_column type=&#8221;4_4&#8243; _builder_version=&#8221;4.27.4&#8243; _module_preset=&#8221;default&#8221; global_colors_info=&#8221;{}&#8221;][et_pb_text _builder_version=&#8221;4.27.4&#8243; _module_preset=&#8221;default&#8221; text_text_color=&#8221;#666666&#8243; text_font_size=&#8221;12px&#8221; text_line_height=&#8221;1.5em&#8221; custom_padding=&#8221;1.5rem|||1rem|false|false&#8221; custom_css_main_element=&#8221;float:right;&#8221; global_colors_info=&#8221;{}&#8221;]<\/p>\n<p>Creat \u0219i g\u0103zduit de<\/p>\n<p><span style=\"font-size: 18px; color: #444444;\">ESQ by ESQUARE<\/span><br \/>simple hosting solutions<\/p>\n<p>[\/et_pb_text][et_pb_text _builder_version=&#8221;4.27.4&#8243; _module_preset=&#8221;default&#8221; text_font_size=&#8221;14px&#8221; text_line_height=&#8221;1.5em&#8221; header_4_line_height=&#8221;1.25em&#8221; global_colors_info=&#8221;{}&#8221;]<\/p>\n<p><img loading=\"lazy\" decoding=\"async\" src=\"https:\/\/esquare.ro\/site\/wp-content\/uploads\/esq-grey.png\" width=\"120\" height=\"100\" alt=\"\" class=\"wp-image-1357 alignleft size-full\" \/><\/p>\n<h4 style=\"padding-top: 0.25em;\">ESQUARE SYSTEMS<\/h4>\n<p>Str. Matei Basarab Nr. 85, Bl. L119bis, Sc. A, Ap. 1, Parter, Sector 3, Bucure\u0219ti<br \/>(+4) <strong>031 420 4430<\/strong>\u2003|\u2003esquare<svg width=\"18px\" height=\"16px\" style=\"margin-bottom: -4px;\" viewbox=\"0 0 24 24\" xmlns=\"http:\/\/www.w3.org\/2000\/svg\" fill=\"none\"> <path stroke=\"#444444\" stroke-linecap=\"round\" stroke-linejoin=\"round\" stroke-width=\"2\" d=\"M16 20.064A9 9 0 1 1 21 12v1.5a2.5 2.5 0 0 1-5 0V8m0 4a4 4 0 1 1-8 0 4 4 0 0 1 8 0Z\"><\/path><\/svg>esquare.ro<\/p>\n<p>[\/et_pb_text][\/et_pb_column][\/et_pb_row][\/et_pb_section]<\/p>\n","protected":false},"excerpt":{"rendered":"<p>Management \u0219i MonitorizareManagement IT Serviciile gestionate extern (IT Outsourcing) permit unei organiza\u021bii s\u0103 func\u021bioneze cu mai pu\u021bine sarcini opera\u021bionale, s\u0103 \u00eembun\u0103t\u0103\u021beasc\u0103 nivelul serviciilor \u0219i s\u0103 se concentreze asupra activit\u0103\u021bilor de afaceri de nivel superior, necesare pentru a-\u0219i construi propriul avantaj durabil pe pia\u021b\u0103. &nbsp; Actualiz\u0103ri software pentru server \u0219i sta\u021bii de lucru Patch-uri de securitate [&hellip;]<\/p>\n","protected":false},"author":1,"featured_media":0,"parent":67,"menu_order":3,"comment_status":"closed","ping_status":"closed","template":"","meta":{"_et_pb_use_builder":"on","_et_pb_old_content":"","_et_gb_content_width":"","footnotes":""},"class_list":["post-1624","page","type-page","status-publish","hentry"],"_links":{"self":[{"href":"https:\/\/esquare.ro\/site\/wp-json\/wp\/v2\/pages\/1624","targetHints":{"allow":["GET"]}}],"collection":[{"href":"https:\/\/esquare.ro\/site\/wp-json\/wp\/v2\/pages"}],"about":[{"href":"https:\/\/esquare.ro\/site\/wp-json\/wp\/v2\/types\/page"}],"author":[{"embeddable":true,"href":"https:\/\/esquare.ro\/site\/wp-json\/wp\/v2\/users\/1"}],"replies":[{"embeddable":true,"href":"https:\/\/esquare.ro\/site\/wp-json\/wp\/v2\/comments?post=1624"}],"version-history":[{"count":0,"href":"https:\/\/esquare.ro\/site\/wp-json\/wp\/v2\/pages\/1624\/revisions"}],"up":[{"embeddable":true,"href":"https:\/\/esquare.ro\/site\/wp-json\/wp\/v2\/pages\/67"}],"wp:attachment":[{"href":"https:\/\/esquare.ro\/site\/wp-json\/wp\/v2\/media?parent=1624"}],"curies":[{"name":"wp","href":"https:\/\/api.w.org\/{rel}","templated":true}]}}