{"id":1561,"date":"2019-07-22T13:28:47","date_gmt":"2019-07-22T13:28:47","guid":{"rendered":"https:\/\/esquare.ro\/site\/?page_id=1561"},"modified":"2025-11-12T22:59:52","modified_gmt":"2025-11-12T22:59:52","slug":"externalizare-it","status":"publish","type":"page","link":"https:\/\/esquare.ro\/site\/servicii-it\/externalizare-it\/","title":{"rendered":"Externalizare IT"},"content":{"rendered":"<p>[et_pb_section fb_built=&#8221;1&#8243; _builder_version=&#8221;4.27.4&#8243; background_color=&#8221;#f0efef&#8221; global_colors_info=&#8221;{}&#8221;][et_pb_row _builder_version=&#8221;4.27.4&#8243; _module_preset=&#8221;default&#8221; global_colors_info=&#8221;{}&#8221;][et_pb_column type=&#8221;4_4&#8243; _builder_version=&#8221;4.27.4&#8243; _module_preset=&#8221;default&#8221; global_colors_info=&#8221;{}&#8221;][et_pb_text _builder_version=&#8221;4.27.4&#8243; _module_preset=&#8221;default&#8221; global_colors_info=&#8221;{}&#8221;]<\/p>\n<h1>Externalizare IT<\/h1>\n<p>[\/et_pb_text][et_pb_text _builder_version=&#8221;4.27.4&#8243; _module_preset=&#8221;default&#8221; global_colors_info=&#8221;{}&#8221;]<\/p>\n<p>\u00cencredin\u021barea serviciilor IT, acele servicii care in mod traditional ar fi realizate de c\u0103tre un angajat sau un departament tehnic propriu, unei companii specializate, poate aduce avantaje tehnologice, opera\u021bionale \u0219i financiare:<\/p>\n<p>[\/et_pb_text][\/et_pb_column][\/et_pb_row][et_pb_row column_structure=&#8221;3_4,1_4&#8243; make_equal=&#8221;on&#8221; _builder_version=&#8221;4.27.4&#8243; global_colors_info=&#8221;{}&#8221;][et_pb_column type=&#8221;3_4&#8243; _builder_version=&#8221;4.16&#8243; global_colors_info=&#8221;{}&#8221;][et_pb_text module_class=&#8221;ul-indent&#8221; _builder_version=&#8221;4.27.4&#8243; text_orientation=&#8221;justify&#8221; text_text_align=&#8221;justify&#8221; global_colors_info=&#8221;{}&#8221;]<\/p>\n<ul>\n<li><strong>accesul la resurs\u0103 uman\u0103 specializat\u0103 cu competen\u021be variate <\/strong>&#8211; acces la cuno\u0219tin\u021be aplicate extinse in domeniul IT\u00a0(know-how), cu personal specializat \u0219i certificat, acoperind \u00eentregul spectru de servicii \u0219i capabilit\u0103\u021bi tehnice,<\/li>\n<li><strong>acces la cele mai noi tehnologii<\/strong><span>\u00a0<\/span>din industrie \u0219i integrarea acestora in cadrul infrastructurii existente,<\/li>\n<li><strong>securitatea \u0219i stabilitatea infrastructurii IT<\/strong>, \u00eentre\u021binere regulat\u0103, patch-uri se securitate, gestionarea integr\u0103rilor, permisiunilor de acces \u0219i a diverselor func\u021bionalit\u0103\u021bi legate de securitate cibernetic\u0103<\/li>\n<li><strong>c\u00e2\u0219tigarea unui plus de timp \u0219i resurse<\/strong><span>\u00a0<\/span>care s\u0103 permit\u0103 concentrarea mai eficient\u0103 pe activit\u0103\u021bile principale ale companiei,<\/li>\n<li><strong>flexibilitate<\/strong><span>\u00a0<\/span>\u00een ceea ce prive\u0219te oricare dintre termenii colabor\u0103rii, \u00een condi\u021biile \u00een care buna func\u021bionare a infrastructurii Clientului \u0219i rela\u021bionarea pe termen lung ca o consecin\u021b\u0103 direct\u0103 a acesteia, este principalul nostru scop declarat,<\/li>\n<li><strong>garantarea contractual\u0103 a calit\u0103\u021bii serviciilor<\/strong><span>\u00a0<\/span>(Service-level agreement), asigur\u00e2ndu-se astfel un raport real \u00eentre nivelul de r\u0103spundere, serviciile prestate \u015fi costul acestora,<\/li>\n<li><strong>optimizarea costurilor<\/strong>\u00a0\u00een principal prin reducerea cheltuielilor cu personalul specializat,<\/li>\n<li><strong>confiden\u021bialitate<\/strong>, o component\u0103 foarte important\u0103 \u00een rela\u021bia cu clien\u021bii no\u0219tri.<\/li>\n<\/ul>\n<p>[\/et_pb_text][\/et_pb_column][et_pb_column type=&#8221;1_4&#8243; _builder_version=&#8221;4.27.4&#8243; custom_css_main_element=&#8221;margin:auto;&#8221; global_colors_info=&#8221;{}&#8221;][et_pb_code _builder_version=&#8221;4.27.4&#8243; _module_preset=&#8221;default&#8221; text_orientation=&#8221;center&#8221; global_colors_info=&#8221;{}&#8221;]<svg xmlns=\"http:\/\/www.w3.org\/2000\/svg\" width=\"128\" height=\"128\" viewBox=\"0 0 32 32\"><title>global<\/title><!-- [et_pb_line_break_holder] --><path fill=\"#aaaaaa\" d=\"M16.006 31.669c-8.644 0-15.681-7.031-15.681-15.675s7.037-15.681 15.681-15.681c8.644 0 15.681 7.031 15.681 15.681-0.006 8.644-7.038 15.675-15.681 15.675zM16.006 1.188c-8.169 0-14.806 6.638-14.806 14.806 0 8.162 6.644 14.806 14.806 14.806s14.806-6.644 14.806-14.806c0-8.169-6.644-14.806-14.806-14.806z\"><!-- [et_pb_line_break_holder] --><\/path><path fill=\"#aaaaaa\" d=\"M15.463 31.644c-4.506 0-8.037-6.881-8.037-15.669 0-8.781 3.531-15.662 8.037-15.662 0.244 0 0.438 0.194 0.438 0.438s-0.194 0.438-0.438 0.438c-3.95 0-7.162 6.638-7.162 14.794s3.213 14.794 7.162 14.794c0.244 0 0.438 0.194 0.438 0.438s-0.2 0.431-0.438 0.431z\"><\/path><!-- [et_pb_line_break_holder] --><path fill=\"#aaaaaa\" d=\"M16.887 31.625c-0.244 0-0.438-0.194-0.438-0.438s0.194-0.438 0.438-0.438c3.95 0 7.162-6.631 7.162-14.775 0-8.15-3.212-14.775-7.163-14.775-0.244 0-0.438-0.194-0.438-0.438s0.194-0.438 0.438-0.438c4.506 0 8.038 6.875 8.038 15.65s-3.531 15.65-8.038 15.65z\"><\/path><!-- [et_pb_line_break_holder] --><path id=\"svg-ico\" fill=\"#0047ab\" d=\"M16.006 24.569c-8.794 0-15.681-3.531-15.681-8.038l0.019-1.125c0-4.5 6.881-8.025 15.662-8.025s15.663 3.531 15.663 8.037l0.019 1.113c0 4.512-6.887 8.038-15.681 8.038zM16.006 8.256c-8.156 0-14.794 3.213-14.794 7.162l-0.019 1.125c0 3.944 6.644 7.156 14.813 7.156s14.813-3.212 14.813-7.162l-0.019-1.113c-0.006-3.956-6.637-7.169-14.794-7.169z\"><\/path><\/svg> [\/et_pb_code][\/et_pb_column][\/et_pb_row][et_pb_row _builder_version=&#8221;4.27.4&#8243; _module_preset=&#8221;default&#8221; global_colors_info=&#8221;{}&#8221;][et_pb_column type=&#8221;4_4&#8243; _builder_version=&#8221;4.27.4&#8243; _module_preset=&#8221;default&#8221; global_colors_info=&#8221;{}&#8221;][et_pb_text module_class=&#8221;ul-indent&#8221; _builder_version=&#8221;4.27.4&#8243; text_orientation=&#8221;justify&#8221; text_text_align=&#8221;justify&#8221; global_colors_info=&#8221;{}&#8221;]<\/p>\n<p>Externalizarea IT pentru infrastructura fizic\u0103, inseamn\u0103 instalarea, configurarea \u0219i mai ales administrarea de c\u0103tre personalul nostru, de la distan\u021b\u0103 sau cu deplasare \u00een loca\u021bie, a \u00eentregii infrastructuri IT sau separat, pentru anumite elemente precum:<\/p>\n<p>&nbsp;<\/p>\n<ul>\n<li><strong>Sta\u021bii de lucru, PC-uri, laptopuri, tablete<\/strong><br \/>integritate hardware, sistem de operare, aplica\u021bii uzuale, update-uri, drivere \u0219i firmware, patch-uri \u0219i optimizare, backup \u0219i recuperarea datelor.<\/li>\n<li><strong>Servere, echipamente de stocare date<\/strong><br \/>administrare servere, echipamente de stocare (NAS, medii externe) on \/ off premises, \u00een conformitate cu nivelul agreeat de SLA, servere reale sau virtuale, integritate hardware, sisteme de operare, disponibilitatea serviciilor, gestionarea spa\u021biului, func\u021bionalitatea bazelor de date, backup \u0219i recuperarea datelor, update-uri, drivere \u0219i firmware, patch-uri \u0219i optimizare.<\/li>\n<li><strong>Re\u021bea \u0219i periferice locale sau departamentale<\/strong><br \/>echipamente active \u0219i pasive re\u021bea, asigurarea integrit\u0103\u021bii hardware, asigurarea securit\u0103\u021bii (VPN, firewall) \u0219i access controlat la resurse, gestionare imprimante, scanere, locale sau departamentale<\/li>\n<li><strong>Dispozitive mobile<\/strong><br \/>configurare (aplica\u021bii, email, comunicare, etc.), localizare \u0219i control (blocare, resetare, \u0219tergere), aplicare politici de acces la resurse in interiorul \u0219i mai ales in afara organiza\u021biei<\/li>\n<li><strong>Suport utilizatori<\/strong><br \/>p\u00e2n\u0103 la trei niveluri de suport IT (primar &#8211; Level 1, avansat &#8211; Level 2 \u0219i specializat &#8211; Level 3), care asigur\u0103 at\u00e2t rezolvarea problemelor mai simple \u0219i informarea utilizatorilor, c\u00e2t \u0219i a celor complexe \u0219i evenimentelor critice.<\/li>\n<li><strong>Consultan\u021b\u0103 achizi\u021bii \u0219i garan\u021bii echipamente IT<\/strong><br \/>pentru extinderea sau \u00eenlocuirea unor elemente ale infrastructurii IT, gestionare garan\u021bii echipamente \u0219i \u00eenlocuirea \u00een timp util a acestora \u00een cazul defec\u021biunilor<\/li>\n<li><strong>Furnizarea de echipamente IT<\/strong><br \/>achizi\u021bia oric\u0103rui tip de echipament, subansamblu sau consumabil direct de la distribuitorii si importatorii zonali, asamblare, configurare \u0219i instalare sta\u021bii de lucru \u0219i servere.<\/li>\n<\/ul>\n<p>[\/et_pb_text][\/et_pb_column][\/et_pb_row][et_pb_row column_structure=&#8221;1_4,3_4&#8243; make_equal=&#8221;on&#8221; _builder_version=&#8221;4.27.4&#8243; global_colors_info=&#8221;{}&#8221;][et_pb_column type=&#8221;1_4&#8243; _builder_version=&#8221;4.27.4&#8243; custom_css_main_element=&#8221;margin:auto;&#8221; global_colors_info=&#8221;{}&#8221;][et_pb_code _builder_version=&#8221;4.27.4&#8243; _module_preset=&#8221;default&#8221; text_orientation=&#8221;center&#8221; global_colors_info=&#8221;{}&#8221;]<svg xmlns=\"http:\/\/www.w3.org\/2000\/svg\" width=\"128\" height=\"128\" viewBox=\"0 0 32 32\"><title>itsm<\/title><!-- [et_pb_line_break_holder] -->  <path fill=\"#666666\" d=\"M16.156 29.625c-7.581 0-13.75-6.169-13.75-13.75s6.169-13.75 13.75-13.75c7.581 0 13.75 6.169 13.75 13.75s-6.169 13.75-13.75 13.75zM16.156 2.956c-7.125 0-12.919 5.794-12.919 12.919s5.794 12.913 12.912 12.913c7.119 0 12.913-5.794 12.913-12.912 0.006-7.125-5.788-12.919-12.906-12.919z\"><\/path><!-- [et_pb_line_break_holder] -->  <path fill=\"#999999\" d=\"M12.756 13.15c-0.106 0-0.213-0.044-0.294-0.125l-11.806-11.787c-0.162-0.163-0.162-0.431 0-0.594s0.431-0.162 0.594 0l11.8 11.794c0.162 0.162 0.162 0.431 0 0.594-0.081 0.081-0.188 0.119-0.294 0.119z\"><\/path><path id=\"svg-ico\" fill=\"#0047ab\" d=\"M19.331 13.094c-0.106 0-0.212-0.044-0.3-0.125-0.163-0.162-0.163-0.431 0-0.594l11.775-11.713c0.163-0.162 0.431-0.162 0.594 0s0.163 0.431 0 0.594l-11.769 11.719c-0.081 0.081-0.194 0.119-0.3 0.119z\"><\/path><!-- [et_pb_line_break_holder] -->  <path fill=\"#999999\" d=\"M0.925 31.425c-0.106 0-0.213-0.044-0.294-0.125-0.162-0.163-0.162-0.431 0-0.594l12.063-12.006c0.162-0.163 0.431-0.163 0.594 0s0.162 0.431 0 0.594l-12.063 12.006c-0.087 0.087-0.194 0.125-0.3 0.125z\"><\/path><path fill=\"#999999\" d=\"M0.956 5.275c-0.231 0-0.419-0.188-0.419-0.419v-3.913c0-0.231 0.188-0.419 0.419-0.419s0.419 0.188 0.419 0.419v3.919c0 0.225-0.188 0.412-0.419 0.412z\"><\/path><!-- [et_pb_line_break_holder] -->  <path fill=\"#999999\" d=\"M4.769 1.363h-3.813c-0.231 0-0.419-0.188-0.419-0.419s0.188-0.419 0.419-0.419h3.819c0.231 0 0.419 0.188 0.419 0.419s-0.194 0.419-0.425 0.419z\"><\/path><!-- [et_pb_line_break_holder] -->  <path fill=\"#999999\" d=\"M4.838 31.425h-3.913c-0.231 0-0.419-0.188-0.419-0.419s0.188-0.419 0.419-0.419h3.919c0.231 0 0.419 0.188 0.419 0.419s-0.194 0.419-0.425 0.419z\"><\/path><!-- [et_pb_line_break_holder] -->  <path fill=\"#999999\" d=\"M0.925 31.425c-0.231 0-0.419-0.188-0.419-0.419v-3.819c0-0.231 0.188-0.419 0.419-0.419s0.419 0.188 0.419 0.419v3.819c0 0.231-0.188 0.419-0.419 0.419z\"><\/path><path fill=\"#999999\" d=\"M31.113 31.494c-0.231 0-0.419-0.188-0.419-0.419v-3.919c0-0.231 0.188-0.419 0.419-0.419s0.419 0.188 0.419 0.419v3.919c0 0.231-0.188 0.419-0.419 0.419z\"><\/path><!-- [et_pb_line_break_holder] -->  <path fill=\"#999999\" d=\"M31.113 31.494h-3.819c-0.231 0-0.419-0.188-0.419-0.419s0.188-0.419 0.419-0.419h3.819c0.231 0 0.419 0.188 0.419 0.419s-0.188 0.419-0.419 0.419z\"><\/path><!-- [et_pb_line_break_holder] -->  <path id=\"svg-ico\" fill=\"#0047ab\" d=\"M31.1 1.381h-3.913c-0.231 0-0.419-0.188-0.419-0.419s0.188-0.419 0.419-0.419h3.919c0.231 0 0.419 0.188 0.419 0.419-0.006 0.231-0.194 0.419-0.425 0.419z\"><\/path><!-- [et_pb_line_break_holder] -->  <path id=\"svg-ico\" fill=\"#0047ab\" d=\"M31.1 5.194c-0.231 0-0.419-0.188-0.419-0.419v-3.813c0-0.231 0.188-0.419 0.419-0.419s0.419 0.188 0.419 0.419v3.819c0 0.225-0.188 0.412-0.419 0.412z\"><\/path><!-- [et_pb_line_break_holder] -->  <path fill=\"#999999\" d=\"M31.113 31.494c-0.106 0-0.212-0.044-0.294-0.125l-11.844-11.825c-0.163-0.163-0.163-0.431 0-0.594s0.431-0.163 0.594 0l11.837 11.831c0.163 0.163 0.163 0.431 0 0.594-0.081 0.081-0.188 0.119-0.294 0.119z\"><\/path><path id=\"svg-ico\" fill=\"#0047ab\" d=\"M16.156 20.481c-2.537 0-4.606-2.069-4.606-4.606s2.069-4.606 4.606-4.606c2.538 0 4.606 2.069 4.606 4.606s-2.069 4.606-4.606 4.606zM16.156 12.106c-2.075 0-3.769 1.688-3.769 3.769s1.688 3.769 3.769 3.769c2.075 0 3.769-1.688 3.769-3.769s-1.694-3.769-3.769-3.769z\"><\/path><\/svg> [\/et_pb_code][\/et_pb_column][et_pb_column type=&#8221;3_4&#8243; _builder_version=&#8221;4.27.4&#8243; global_colors_info=&#8221;{}&#8221;][et_pb_text _builder_version=&#8221;4.27.4&#8243; header_font=&#8221;||||||||&#8221; header_font_size=&#8221;2em&#8221; header_line_height=&#8221;1.6em&#8221; text_orientation=&#8221;justified&#8221; global_colors_info=&#8221;{}&#8221;]<\/p>\n<h1><span>ITSM<\/span><\/h1>\n<p><span>Managementul Serviciilor IT (ITSM) este modul \u00een care gestion\u0103m furnizarea de servicii IT complete c\u0103tre clien\u021bii no\u0219tri pe baza celor mai bune practici din industrie.\u00a0Unul dintre cele mai frecvent adoptate cadre de bune practici pentru ITSM este ITIL sau Biblioteca de Infrastructur\u0103 pentru Tehnologia Informa\u021biei.<\/span><\/p>\n<p>Ne baz\u0103m pe experien\u021ba acumulat\u0103 de-a lungul anilor, \u00eens\u0103 ne inform\u0103m constant, \u00eenv\u0103\u021b\u00e2nd\u00a0<span>cele mai bune practici ITSM, sfaturi, ghiduri \u0219i toate resursele de care avem nevoie pentru a fi o echip\u0103 de succes.\u00a0<\/span><span><\/span><\/p>\n<p>Utiliz\u0103m software specializat pentru a raporta \u0219i centraliza informa\u021bii, at\u00e2t date sintetice despre infrastructura IT a clien\u021bilor no\u0219tri, c\u00e2t \u0219i managementul, politicile ITSM aplicabile \u0219i service desk, pentru rezolvarea punctual\u0103 a problemelor ap\u0103rute.<\/p>\n<p>[\/et_pb_text][\/et_pb_column][\/et_pb_row][\/et_pb_section][et_pb_section fb_built=&#8221;1&#8243; _builder_version=&#8221;4.27.4&#8243; _module_preset=&#8221;default&#8221; background_enable_color=&#8221;off&#8221; use_background_color_gradient=&#8221;on&#8221; background_color_gradient_stops=&#8221;#f0efef 0%|#dcdcdc 100%&#8221; custom_margin=&#8221;||0px||false|false&#8221; custom_padding=&#8221;5vh||2vh||false|false&#8221; global_module=&#8221;2246&#8243; saved_tabs=&#8221;all&#8221; global_colors_info=&#8221;{}&#8221;][et_pb_row use_custom_gutter=&#8221;on&#8221; gutter_width=&#8221;1&#8243; make_equal=&#8221;on&#8221; _builder_version=&#8221;4.27.4&#8243; _module_preset=&#8221;default&#8221; global_colors_info=&#8221;{}&#8221;][et_pb_column type=&#8221;4_4&#8243; _builder_version=&#8221;4.27.4&#8243; _module_preset=&#8221;default&#8221; global_colors_info=&#8221;{}&#8221;][et_pb_text _builder_version=&#8221;4.27.4&#8243; _module_preset=&#8221;default&#8221; text_text_color=&#8221;#666666&#8243; text_font_size=&#8221;12px&#8221; text_line_height=&#8221;1.5em&#8221; custom_padding=&#8221;1.5rem|||1rem|false|false&#8221; custom_css_main_element=&#8221;float:right;&#8221; global_colors_info=&#8221;{}&#8221;]<\/p>\n<p>Creat \u0219i g\u0103zduit de<\/p>\n<p><span style=\"font-size: 18px; color: #444444;\">ESQ by ESQUARE<\/span><br \/>simple hosting solutions<\/p>\n<p>[\/et_pb_text][et_pb_text _builder_version=&#8221;4.27.4&#8243; _module_preset=&#8221;default&#8221; text_font_size=&#8221;14px&#8221; text_line_height=&#8221;1.5em&#8221; header_4_line_height=&#8221;1.25em&#8221; global_colors_info=&#8221;{}&#8221;]<\/p>\n<p><img loading=\"lazy\" decoding=\"async\" src=\"https:\/\/esquare.ro\/site\/wp-content\/uploads\/esq-grey.png\" width=\"120\" height=\"100\" alt=\"\" class=\"wp-image-1357 alignleft size-full\" \/><\/p>\n<h4 style=\"padding-top: 0.25em;\">ESQUARE SYSTEMS<\/h4>\n<p>Str. Matei Basarab Nr. 85, Bl. L119bis, Sc. A, Ap. 1, Parter, Sector 3, Bucure\u0219ti<br \/>(+4) <strong>031 420 4430<\/strong>\u2003|\u2003esquare<svg width=\"18px\" height=\"16px\" style=\"margin-bottom: -4px;\" viewbox=\"0 0 24 24\" xmlns=\"http:\/\/www.w3.org\/2000\/svg\" fill=\"none\"> <path stroke=\"#444444\" stroke-linecap=\"round\" stroke-linejoin=\"round\" stroke-width=\"2\" d=\"M16 20.064A9 9 0 1 1 21 12v1.5a2.5 2.5 0 0 1-5 0V8m0 4a4 4 0 1 1-8 0 4 4 0 0 1 8 0Z\"><\/path><\/svg>esquare.ro<\/p>\n<p>[\/et_pb_text][\/et_pb_column][\/et_pb_row][\/et_pb_section]<\/p>\n","protected":false},"excerpt":{"rendered":"<p>Externalizare IT\u00cencredin\u021barea serviciilor IT, acele servicii care in mod traditional ar fi realizate de c\u0103tre un angajat sau un departament tehnic propriu, unei companii specializate, poate aduce avantaje tehnologice, opera\u021bionale \u0219i financiare: accesul la resurs\u0103 uman\u0103 specializat\u0103 cu competen\u021be variate &#8211; acces la cuno\u0219tin\u021be aplicate extinse in domeniul IT\u00a0(know-how), cu personal specializat \u0219i certificat, acoperind [&hellip;]<\/p>\n","protected":false},"author":1,"featured_media":0,"parent":67,"menu_order":1,"comment_status":"closed","ping_status":"closed","template":"","meta":{"_et_pb_use_builder":"on","_et_pb_old_content":"","_et_gb_content_width":"","footnotes":""},"class_list":["post-1561","page","type-page","status-publish","hentry"],"_links":{"self":[{"href":"https:\/\/esquare.ro\/site\/wp-json\/wp\/v2\/pages\/1561","targetHints":{"allow":["GET"]}}],"collection":[{"href":"https:\/\/esquare.ro\/site\/wp-json\/wp\/v2\/pages"}],"about":[{"href":"https:\/\/esquare.ro\/site\/wp-json\/wp\/v2\/types\/page"}],"author":[{"embeddable":true,"href":"https:\/\/esquare.ro\/site\/wp-json\/wp\/v2\/users\/1"}],"replies":[{"embeddable":true,"href":"https:\/\/esquare.ro\/site\/wp-json\/wp\/v2\/comments?post=1561"}],"version-history":[{"count":0,"href":"https:\/\/esquare.ro\/site\/wp-json\/wp\/v2\/pages\/1561\/revisions"}],"up":[{"embeddable":true,"href":"https:\/\/esquare.ro\/site\/wp-json\/wp\/v2\/pages\/67"}],"wp:attachment":[{"href":"https:\/\/esquare.ro\/site\/wp-json\/wp\/v2\/media?parent=1561"}],"curies":[{"name":"wp","href":"https:\/\/api.w.org\/{rel}","templated":true}]}}